{"id":18841,"date":"2026-01-20T11:49:30","date_gmt":"2026-01-20T04:49:30","guid":{"rendered":"https:\/\/haday.amo.com.vn\/?page_id=18841"},"modified":"2026-01-20T11:51:38","modified_gmt":"2026-01-20T04:51:38","slug":"gioi-thieu","status":"publish","type":"page","link":"https:\/\/haday.amo.com.vn\/index.php\/gioi-thieu\/","title":{"rendered":"Gi\u1edbi thi\u1ec7u"},"content":{"rendered":"\t\t<div data-elementor-type=\"wp-page\" data-elementor-id=\"18841\" class=\"elementor elementor-18841\" data-elementor-post-type=\"page\">\n\t\t\t\t<div class=\"elementor-element elementor-element-2ec08f7 e-con-full e-flex e-con e-parent\" data-id=\"2ec08f7\" data-element_type=\"container\" data-settings=\"{&quot;ekit_has_onepagescroll_dot&quot;:&quot;yes&quot;}\">\n\t\t<div class=\"elementor-element elementor-element-09274b7 e-flex e-con-boxed e-con e-child\" data-id=\"09274b7\" data-element_type=\"container\" data-settings=\"{&quot;ekit_has_onepagescroll_dot&quot;:&quot;yes&quot;}\">\n\t\t\t\t\t<div class=\"e-con-inner\">\n\t\t\t\t<div class=\"elementor-element elementor-element-9dfa89e elementor-widget-tablet__width-inherit elementor-widget elementor-widget-text-editor\" data-id=\"9dfa89e\" data-element_type=\"widget\" data-settings=\"{&quot;ekit_we_effect_on&quot;:&quot;none&quot;}\" data-widget_type=\"text-editor.default\">\n\t\t\t\t\t\t\t\t\t<h2>C\u00c2U CHUY\u1ec6N C\u1ee6A CH\u00daNG T\u00d4I<\/h2><p><i>Haday Vi\u1ec7t Nam &#8211; Ch\u0103m ch\u00fat t\u1ec9 m\u1ec9 cho nh\u1eefng b\u1eefa \u0103n ngon mi\u1ec7ng<\/i><\/p><p><strong>V\u1ec0 HADAY<\/strong><\/p><p><strong>Haday<\/strong>\u00a0l\u00e0 c\u00f4ng ty gia v\u1ecb l\u1edbn nh\u1ea5t th\u1ebf gi\u1edbi v\u1edbi c\u00e1c s\u1ea3n ph\u1ea9m hi\u1ec7n \u0111\u01b0\u1ee3c s\u1ea3n xu\u1ea5t bao g\u1ed3m n\u01b0\u1edbc t\u01b0\u01a1ng, d\u1ea7u h\u00e0o, gi\u1ea5m, r\u01b0\u1ee3u n\u1ea5u \u0103n, n\u01b0\u1edbc s\u1ed1t, v.v., v\u1edbi gi\u00e1 tr\u1ecb s\u1ea3n l\u01b0\u1ee3ng h\u00e0ng n\u0103m h\u01a1n 3.4 t\u1ef7 \u0111\u00f4 la M\u1ef9. M\u1ed7i gi\u1ecdt n\u01b0\u1edbc t\u01b0\u01a1ng c\u1ee7a ch\u00fang t\u00f4i \u0111\u1ec1u \u0111\u01b0\u1ee3c l\u00ean men t\u1ef1 nhi\u00ean d\u01b0\u1edbi \u00e1nh n\u1eafng m\u1eb7t tr\u1eddi.<br \/>Trong 300 n\u0103m qua, ch\u00fang t\u00f4i \u0111\u00e3 ki\u00ean tr\u00ec v\u1edbi s\u1ef1 nghi\u1ec7p n\u00e0y v\u00e0 lu\u00f4n cung c\u1ea5p c\u00e1c s\u1ea3n ph\u1ea9m \u0111\u01b0\u1ee3c l\u00ean men t\u1ef1 nhi\u00ean m\u1ed9t c\u00e1ch l\u00e0nh m\u1ea1nh mang l\u1ea1i cho ng\u01b0\u1eddi ti\u00eau d\u00f9ng nh\u1eefng m\u00f3n \u0103n th\u01a1m ngon tr\u00e0n \u0111\u1ea7y h\u01b0\u01a1ng v\u1ecb.<\/p><p><strong>S\u1ee9 m\u1ec7nh:<\/strong><\/p><p><strong>Haday<\/strong>\u00a0l\u1ea5y s\u1ee9 m\u1ec7nh c\u1ee7a m\u00ecnh l\u00e0 &#8220;qu\u1ea3ng b\u00e1 v\u0103n h\u00f3a ch\u1ebf bi\u1ebfn c\u00e1c m\u00f3n \u0103n ngon t\u1ea1o n\u00ean cu\u1ed9c s\u1ed1ng h\u1ea1nh ph\u00fac&#8221;. K\u1ebf th\u1eeba v\u0103n h\u00f3a truy\u1ec1n th\u1ed1ng c\u1ee7a m\u00f3n \u0103n Trung Hoa, kh\u00f4ng ng\u1eebng \u0111\u1ed5i m\u1edbi v\u00e0 ph\u00e1t tri\u1ec3n &#8220;h\u01b0\u01a1ng v\u1ecb Trung Hoa&#8221;, \u0111\u1ed3ng th\u1eddi qu\u1ea3ng b\u00e1 v\u0103n h\u00f3a \u1ea9m th\u1ef1c Trung Qu\u1ed1c ra th\u1ebf gi\u1edbi.<\/p><p><strong>T\u1ea7m nh\u00ecn:\u00a0<\/strong><\/p><p>S\u1ea3n ph\u1ea9m Haday kh\u00f4ng ch\u1ec9 \u0111\u01b0\u1ee3c \u01b0a chu\u1ed9ng \u1edf th\u1ecb tr\u01b0\u1eddng trong n\u01b0\u1edbc m\u00e0 c\u00f2n \u0111\u01b0\u1ee3c b\u00e1n ra h\u01a1n 100 qu\u1ed1c gia v\u00e0 khu v\u1ef1c tr\u00ean th\u1ebf gi\u1edbi. Th\u00f4ng qua c\u00f4ng ngh\u1ec7 s\u1ea3n xu\u1ea5t hi\u1ec7n \u0111\u1ea1i v\u00e0 m\u1ea1ng l\u01b0\u1edbi b\u00e1n h\u00e0ng \u0111a s\u1ea3n ph\u1ea9m, \u0111a qu\u1ed1c gia. Haday \u0111\u1ecbnh h\u01b0\u1edbng cung c\u1ea5p nh\u1eefng s\u1ea3n ph\u1ea9m th\u01a1m ngon, ti\u1ec7n l\u1ee3i cho ng\u01b0\u1eddi ti\u00eau d\u00f9ng Vi\u1ec7t Nam v\u1edbi s\u1ef1 c\u00e2n b\u1eb1ng gi\u1eefa gi\u00e1 c\u1ea3 v\u00e0 ch\u1ea5t l\u01b0\u1ee3ng.<br \/>Cam k\u1ebft truy\u1ec1n b\u00e1 v\u0103n h\u00f3a \u1ea9m th\u1ef1c Trung hoa \u0111i \u0111\u1ebfn th\u1ebf gi\u1edbi, cung c\u1ea5p c\u00e1c s\u1ea3n ph\u1ea9m ch\u1ea5t l\u01b0\u1ee3ng. Ch\u00fang t\u00f4i lu\u00f4n ch\u00fa \u00fd l\u1eafng nghe \u0111\u1ec3 hi\u1ec3u r\u00f5 nhu c\u1ea7u c\u1ee7a kh\u00e1ch h\u00e0ng v\u00e0 \u0111\u00e1p \u1ee9ng b\u1eb1ng nh\u1eefng gi\u1ea3i ph\u00e1p t\u1ed1i \u01b0u nh\u1ea5t c\u00f3 th\u1ec3, v\u1edbi t\u1ea5t c\u1ea3 tinh th\u1ea7n v\u00e0 tr\u00e1ch nhi\u1ec7m cao nh\u1ea5t.<\/p><p><strong>Gi\u00e1 tr\u1ecb:\u00a0<\/strong><\/p><p><em><strong>&#8211;\u00a0Kh\u00e1ch H\u00e0ng:<\/strong><\/em>\u00a0Kh\u00e1ch h\u00e0ng lu\u00f4n l\u00e0 \u01b0u ti\u00ean h\u00e0ng \u0111\u1ea7u c\u1ee7a ch\u00fang t\u00f4i. Lu\u00f4n ch\u00fa \u00fd l\u1eafng nghe v\u00e0 \u0111\u00e1p \u1ee9ng b\u1eb1ng nh\u1eefng gi\u1ea3i ph\u00e1p t\u1ed1i \u01b0u nh\u1ea5t c\u00f3 th\u1ec3.<br \/><em><strong>&#8211; Mang t\u00ednh \u0111\u1ed5i m\u1edbi:<\/strong><\/em>\u00a0lu\u00f4n \u1edf v\u1ecb tr\u00ed ti\u00ean phong, v\u01b0\u1ee3t tr\u1ed9i, d\u1eabn \u0111\u1ea7u xu h\u01b0\u1edbng.<br \/><em><strong>&#8211;\u00a0Ph\u00e1t tri\u1ec3n:\u00a0<\/strong><\/em>T\u1ed1t h\u01a1n m\u1ed7i ng\u00e0y l\u00e0 ti\u00eau chu\u1ea9n m\u00e0 ch\u00fang t\u00f4i lu\u00f4n ph\u1ea5n \u0111\u1ea5u \u0111\u1ea1t \u0111\u01b0\u1ee3c trong m\u1ecdi c\u00f4ng vi\u1ec7c.<br \/><em><strong>&#8211; Mang t\u00ednh th\u1ef1c t\u1ebf:<\/strong><\/em>\u00a0lu\u00f4n h\u00e0nh \u0111\u1ed9ng d\u1ef1a tr\u00ean t\u00ecnh h\u00ecnh th\u1ecb tr\u01b0\u1eddng hi\u1ec1u s\u1ef1 bi\u1ebfn \u0111\u1ed5i.<\/p>\t\t\t\t\t\t\t\t<\/div>\n\t\t\t\t<div class=\"elementor-element elementor-element-7d663d1 elementor-widget__width-inherit content-align-center the7-hover-visibility-disabled preserve-img-ratio-cover transform-overlay-yes exceeding-frame-yes elementor-widget elementor-widget-the7-image-widget\" data-id=\"7d663d1\" data-element_type=\"widget\" data-settings=\"{&quot;hover_visibility&quot;:&quot;disabled&quot;,&quot;ekit_we_effect_on&quot;:&quot;none&quot;}\" data-widget_type=\"the7-image-widget.default\">\n\t\t\t\t<div class=\"elementor-widget-container\">\n\t\t\t\t\t<div class=\"the7-image-container\"><div class=\"the7-image-wrapper the7-elementor-widget the7-transform-container\"><div class=\"post-thumbnail-rollover layzr-bg img-css-resize-wrapper\"><img fetchpriority=\"high\" decoding=\"async\" width=\"1920\" height=\"1469\" src=\"data:image\/svg+xml,%3Csvg%20xmlns%3D&#039;http%3A%2F%2Fwww.w3.org%2F2000%2Fsvg&#039;%20viewBox%3D&#039;0%200%201920%201469&#039;%2F%3E\" class=\"attachment-full size-full preload-me aspect lazy lazy-load\" alt=\"\" sizes=\"(max-width: 1920px) 100vw, 1920px\" style=\"--ratio: 1920 \/ 1469;\" data-src=\"https:\/\/haday.amo.com.vn\/wp-content\/uploads\/2026\/01\/about-06.png\" loading=\"eager\" data-srcset=\"https:\/\/haday.amo.com.vn\/wp-content\/uploads\/2026\/01\/about-06.png 1920w, https:\/\/haday.amo.com.vn\/wp-content\/uploads\/2026\/01\/about-06-300x230.png 300w, https:\/\/haday.amo.com.vn\/wp-content\/uploads\/2026\/01\/about-06-1024x783.png 1024w, https:\/\/haday.amo.com.vn\/wp-content\/uploads\/2026\/01\/about-06-768x588.png 768w, https:\/\/haday.amo.com.vn\/wp-content\/uploads\/2026\/01\/about-06-1536x1175.png 1536w, https:\/\/haday.amo.com.vn\/wp-content\/uploads\/2026\/01\/about-06-1000x765.png 1000w\" \/><\/div><\/div><\/div>\t\t\t\t<\/div>\n\t\t\t\t<\/div>\n\t\t\t\t<div class=\"elementor-element elementor-element-4871ba9 elementor-widget-tablet__width-inherit elementor-widget elementor-widget-text-editor\" data-id=\"4871ba9\" data-element_type=\"widget\" data-settings=\"{&quot;ekit_we_effect_on&quot;:&quot;none&quot;}\" data-widget_type=\"text-editor.default\">\n\t\t\t\t\t\t\t\t\t<p><strong>\u1ec0 HADAY VI\u1ec6T NAM<\/strong><\/p><p><strong>C\u00f4ng Ty TNHH Haday Vi\u1ec7t Nam<\/strong>\u00a0l\u00e0 \u0111\u01a1n v\u1ecb chuy\u00ean s\u1ea3n xu\u1ea5t v\u00e0 gia c\u00f4ng OEM\/ODM c\u00e1c s\u1ea3n ph\u1ea9m\u00a0<strong><em>Gia v\u1ecb<\/em><\/strong>\u00a0ch\u1ea5t l\u01b0\u1ee3ng, uy t\u00edn t\u1ea1i TP. H\u1ed3 Ch\u00ed Minh.\u00a0Ch\u00fang t\u00f4i l\u00e0 \u0111\u01a1n v\u1ecb ph\u00e2n ph\u1ed1i ch\u00ednh th\u1ee9c c\u1ee7a th\u01b0\u01a1ng hi\u1ec7u Haday t\u1ea1i th\u1ecb tr\u01b0\u1eddng Vi\u1ec7t Nam v\u1edbi c\u00e1c s\u1ea3n ph\u1ea9m ch\u00ednh g\u1ed3m:\u00a0<strong><em>N\u01b0\u1edbc t\u01b0\u01a1ng, d\u1ea7u h\u00e0o, t\u01b0\u01a1ng \u0111\u1eadu n\u00e0nh, d\u1ea7u m\u00e8, x\u1ed1t n\u1ea5m, gi\u1ea5m g\u1ea1o, h\u1eafc x\u00ec d\u1ea7u, t\u01b0\u01a1ng h\u1ea3i s\u1ea3n, t\u01b0\u01a1ng h\u1ea5p c\u00e1,..<\/em><\/strong>\u00a0\u0110\u1ea3m b\u1ea3o s\u1ea3n ph\u1ea9m ch\u1ea5t l\u01b0\u1ee3ng, ngu\u1ed3n g\u1ed1c xu\u1ea5t x\u1ee9 r\u00f5 r\u00e0ng, an to\u00e0n cho s\u1ee9c kh\u1ecfe c\u1ea3 gia \u0111\u00ecnh.<\/p><p><strong><u>V\u1edbi c\u00f4ng d\u1ee5ng \u0111a d\u1ea1ng<\/u><\/strong>:<br \/>\u27a2 D\u00f9ng \u0111\u1ec3 l\u00e0m n\u01b0\u1edbc ch\u1ea5m, \u0111\u1eb7c bi\u1ec7t l\u00e0 ch\u1ea5m rau, c\u1ee7, qu\u1ea3.<br \/>\u27a2 D\u00f9ng l\u00e0m gia v\u1ecb \u01b0\u1edbp kho, x\u00e0o, t\u1ea1o m\u00e0u s\u1eafc \u0111\u1eadm \u0111\u00e0 v\u00e0 th\u01a1m ngon h\u01a1n c\u00e1ch th\u00f4ng th\u01b0\u1eddng.<br \/>\u27a2 D\u00f9ng l\u00e0m gia v\u1ecb t\u1ea9m \u01b0\u1edbp v\u00e0 ch\u1ebf bi\u1ebfn c\u00e1c m\u00f3n h\u1ea3i s\u1ea3n, th\u1ecbt, c\u00e1, n\u01b0\u1edbng, l\u1ea9u v\u00e0 nhi\u1ec1u m\u00f3n \u0103n kh\u00e1c mang l\u1ea1i h\u01b0\u01a1ng v\u1ecb r\u1ea5t ngon v\u00e0 kh\u00e1c bi\u1ec7t.<\/p><p><strong><u>T\u1ea1i sao Qu\u00fd kh\u00e1ch n\u00ean l\u1ef1a ch\u1ecdn Gia v\u1ecb Haday<\/u>?<\/strong><br \/>\u2713 \u0110\u1ea3m b\u1ea3o h\u01b0\u01a1ng v\u1ecb \u0111\u1eadm \u0111\u00e0, t\u1ef1 nhi\u00ean<br \/>\u2713 Ngu\u1ed3n nguy\u00ean li\u1ec7u ch\u1ea5t l\u01b0\u1ee3ng, an to\u00e0n<br \/>\u2713 D\u00e2y chuy\u1ec1n s\u1ea3n xu\u1ea5t theo c\u00f4ng ngh\u1ec7 m\u1edbi, tu\u00e2n th\u1ee7 nghi\u00eam ng\u1eb7t c\u00e1c quy \u0111\u1ecbnh v\u1ec1 an to\u00e0n th\u1ef1c ph\u1ea9m<br \/>\u2713 Cung \u1ee9ng nhanh m\u1ecdi s\u1ed1 l\u01b0\u1ee3ng \u0111\u01a1n h\u00e0ng v\u1edbi gi\u00e1 th\u00e0nh c\u1ea1nh tranh.<\/p><p><em>R\u1ea5t h\u00e2n h\u1ea1nh \u0111\u01b0\u1ee3c \u0111\u1ed3ng h\u00e0nh c\u00f9ng Qu\u00fd kh\u00e1ch h\u00e0ng!<\/em><\/p>\t\t\t\t\t\t\t\t<\/div>\n\t\t\t\t\t<\/div>\n\t\t\t\t<\/div>\n\t\t\t\t<\/div>\n\t\t<div class=\"elementor-element elementor-element-fb939a1 e-con-full e-flex e-con e-parent\" data-id=\"fb939a1\" data-element_type=\"container\" data-settings=\"{&quot;ekit_has_onepagescroll_dot&quot;:&quot;yes&quot;}\">\n\t\t<div class=\"elementor-element elementor-element-afcd7e4 e-con-full e-flex e-con e-child\" data-id=\"afcd7e4\" data-element_type=\"container\" data-settings=\"{&quot;ekit_has_onepagescroll_dot&quot;:&quot;yes&quot;}\">\n\t\t\t\t<div class=\"elementor-element elementor-element-835a600 elementor-widget elementor-widget-elementskit-heading\" data-id=\"835a600\" data-element_type=\"widget\" data-settings=\"{&quot;ekit_we_effect_on&quot;:&quot;none&quot;}\" data-widget_type=\"elementskit-heading.default\">\n\t\t\t\t\t<div class=\"ekit-wid-con\" ><div class=\"ekit-heading elementskit-section-title-wraper text_center   ekit_heading_tablet-   ekit_heading_mobile-\"><h2 class=\"ekit-heading--title elementskit-section-title \">GI\u00c1 TR\u1eca M\u00c0 HADAY H\u01af\u1edaNG \u0110\u1ebeN<\/h2><h6 class=\"ekit-heading--subtitle elementskit-section-subtitle  \">\n\t\t\t\t\t\tCh\u00fang t\u00f4i \u0111\u00e3 ki\u00ean tr\u00ec v\u1edbi s\u1ef1 nghi\u1ec7p n\u00e0y trong h\u01a1n 300 n\u0103m qua\n\t\t\t\t\t<\/h6><div class=\"ekit_heading_separetor_wraper ekit_heading_elementskit-border-star\"><div class=\"elementskit-border-star\"><\/div><\/div><\/div><\/div>\t\t\t\t<\/div>\n\t\t<div class=\"elementor-element elementor-element-1083a27 e-grid e-con-boxed e-con e-child\" data-id=\"1083a27\" data-element_type=\"container\" data-settings=\"{&quot;ekit_has_onepagescroll_dot&quot;:&quot;yes&quot;}\">\n\t\t\t\t\t<div class=\"e-con-inner\">\n\t\t\t\t<div class=\"elementor-element elementor-element-2667dd6 ekit-equal-height-disable elementor-widget elementor-widget-elementskit-icon-box\" data-id=\"2667dd6\" data-element_type=\"widget\" data-settings=\"{&quot;ekit_we_effect_on&quot;:&quot;none&quot;}\" data-widget_type=\"elementskit-icon-box.default\">\n\t\t\t\t\t<div class=\"ekit-wid-con\" >        <!-- link opening -->\n                <!-- end link opening -->\n\n        <div class=\"elementskit-infobox text-center text-center icon-top-align elementor-animation-   \">\n                            <div class=\"elementskit-box-header\">\n                <div class=\"elementskit-info-box-icon \">\n                    <img decoding=\"async\" width=\"120\" height=\"120\" src=\"https:\/\/haday.amo.com.vn\/wp-content\/uploads\/2025\/12\/icon-01.png\" class=\"attachment- size-\" alt=\"\" \/>                <\/div>\n          <\/div>\n                <div class=\"box-body\">\n                            <h3 class=\"elementskit-info-box-title\">\n                    V\u00cc KH\u00c1CH H\u00c0NG                <\/h3>\n                        \t\t  \t<p>Lu\u00f4n ch\u00fa \u00fd l\u1eafng nghe v\u00e0 \u0111\u00e1p \u1ee9ng b\u1eb1ng gi\u1ea3i ph\u00e1p t\u1ed1i \u01b0u nh\u1ea5t<\/p>\n                                <\/div>\n        \n        \n                <\/div>\n        <\/div>\t\t\t\t<\/div>\n\t\t\t\t<div class=\"elementor-element elementor-element-9a71395 ekit-equal-height-disable elementor-widget elementor-widget-elementskit-icon-box\" data-id=\"9a71395\" data-element_type=\"widget\" data-settings=\"{&quot;ekit_we_effect_on&quot;:&quot;none&quot;}\" data-widget_type=\"elementskit-icon-box.default\">\n\t\t\t\t\t<div class=\"ekit-wid-con\" >        <!-- link opening -->\n                <!-- end link opening -->\n\n        <div class=\"elementskit-infobox text-center text-center icon-top-align elementor-animation-   \">\n                            <div class=\"elementskit-box-header\">\n                <div class=\"elementskit-info-box-icon \">\n                    <img decoding=\"async\" width=\"120\" height=\"120\" src=\"https:\/\/haday.amo.com.vn\/wp-content\/uploads\/2025\/12\/icon-02.png\" class=\"attachment- size-\" alt=\"\" \/>                <\/div>\n          <\/div>\n                <div class=\"box-body\">\n                            <h3 class=\"elementskit-info-box-title\">\n                    T\u00cdNH \u0110\u1ed4I M\u1edaI                <\/h3>\n                        \t\t  \t<p>Haday lu\u00f4n \u1edf v\u1ecb tr\u00ed ti\u00ean phong, v\u01b0\u1ee3t tr\u1ed9i, d\u1eabn \u0111\u1ea7u xu h\u01b0\u1edbng<\/p>\n                                <\/div>\n        \n        \n                <\/div>\n        <\/div>\t\t\t\t<\/div>\n\t\t\t\t<div class=\"elementor-element elementor-element-3775d11 ekit-equal-height-disable elementor-widget elementor-widget-elementskit-icon-box\" data-id=\"3775d11\" data-element_type=\"widget\" data-settings=\"{&quot;ekit_we_effect_on&quot;:&quot;none&quot;}\" data-widget_type=\"elementskit-icon-box.default\">\n\t\t\t\t\t<div class=\"ekit-wid-con\" >        <!-- link opening -->\n                <!-- end link opening -->\n\n        <div class=\"elementskit-infobox text-center text-center icon-top-align elementor-animation-   \">\n                            <div class=\"elementskit-box-header\">\n                <div class=\"elementskit-info-box-icon \">\n                    <img decoding=\"async\" width=\"120\" height=\"120\" src=\"https:\/\/haday.amo.com.vn\/wp-content\/uploads\/2025\/12\/icon-03.png\" class=\"attachment- size-\" alt=\"\" \/>                <\/div>\n          <\/div>\n                <div class=\"box-body\">\n                            <h3 class=\"elementskit-info-box-title\">\n                    S\u1ef0 PH\u00c1T TRI\u1ec2N                <\/h3>\n                        \t\t  \t<p>T\u1ed1t h\u01a1n m\u1ed7i ng\u00e0y l\u00e0 ti\u00eau chu\u1ea9n m\u00e0 ch\u00fang t\u00f4i lu\u00f4n ph\u1ea5n \u0111\u1ea5u \u0111\u1ea1t \u0111\u01b0\u1ee3c<\/p>\n                                <\/div>\n        \n        \n                <\/div>\n        <\/div>\t\t\t\t<\/div>\n\t\t\t\t<div class=\"elementor-element elementor-element-cdd242c ekit-equal-height-disable elementor-widget elementor-widget-elementskit-icon-box\" data-id=\"cdd242c\" data-element_type=\"widget\" data-settings=\"{&quot;ekit_we_effect_on&quot;:&quot;none&quot;}\" data-widget_type=\"elementskit-icon-box.default\">\n\t\t\t\t\t<div class=\"ekit-wid-con\" >        <!-- link opening -->\n                <!-- end link opening -->\n\n        <div class=\"elementskit-infobox text-center text-center icon-top-align elementor-animation-   \">\n                            <div class=\"elementskit-box-header\">\n                <div class=\"elementskit-info-box-icon \">\n                    <img loading=\"lazy\" decoding=\"async\" width=\"120\" height=\"120\" src=\"https:\/\/haday.amo.com.vn\/wp-content\/uploads\/2025\/12\/icon-04.png\" class=\"attachment- size-\" alt=\"\" \/>                <\/div>\n          <\/div>\n                <div class=\"box-body\">\n                            <h3 class=\"elementskit-info-box-title\">\n                    T\u00cdNH TH\u1ef0C T\u1ebe                <\/h3>\n                        \t\t  \t<p>Lu\u00f4n h\u00e0nh \u0111\u1ed9ng d\u1ef1a tr\u00ean t\u00ecnh h\u00ecnh th\u1ecb tr\u01b0\u1eddng hi\u1ec3u s\u1ef1 bi\u1ebfn \u0111\u1ed5i<\/p>\n                                <\/div>\n        \n        \n                <\/div>\n        <\/div>\t\t\t\t<\/div>\n\t\t\t\t\t<\/div>\n\t\t\t\t<\/div>\n\t\t\t\t<\/div>\n\t\t\t\t<\/div>\n\t\t\t\t<\/div>\n\t\t","protected":false},"excerpt":{"rendered":"<p>C\u00c2U CHUY\u1ec6N C\u1ee6A CH\u00daNG T\u00d4I Haday Vi\u1ec7t Nam &#8211; Ch\u0103m ch\u00fat t\u1ec9 m\u1ec9 cho nh\u1eefng b\u1eefa \u0103n ngon mi\u1ec7ng V\u1ec0 HADAY Haday\u00a0l\u00e0 c\u00f4ng ty gia v\u1ecb l\u1edbn nh\u1ea5t th\u1ebf gi\u1edbi v\u1edbi c\u00e1c s\u1ea3n ph\u1ea9m hi\u1ec7n \u0111\u01b0\u1ee3c s\u1ea3n xu\u1ea5t bao g\u1ed3m n\u01b0\u1edbc t\u01b0\u01a1ng, d\u1ea7u h\u00e0o, gi\u1ea5m, r\u01b0\u1ee3u n\u1ea5u \u0103n, n\u01b0\u1edbc s\u1ed1t, v.v., v\u1edbi gi\u00e1 tr\u1ecb s\u1ea3n&hellip;<\/p>\n","protected":false},"author":1,"featured_media":15113,"parent":0,"menu_order":10,"comment_status":"closed","ping_status":"closed","template":"","meta":{"footnotes":""},"class_list":["post-18841","page","type-page","status-publish","has-post-thumbnail","hentry"],"_links":{"self":[{"href":"https:\/\/haday.amo.com.vn\/index.php\/wp-json\/wp\/v2\/pages\/18841","targetHints":{"allow":["GET"]}}],"collection":[{"href":"https:\/\/haday.amo.com.vn\/index.php\/wp-json\/wp\/v2\/pages"}],"about":[{"href":"https:\/\/haday.amo.com.vn\/index.php\/wp-json\/wp\/v2\/types\/page"}],"author":[{"embeddable":true,"href":"https:\/\/haday.amo.com.vn\/index.php\/wp-json\/wp\/v2\/users\/1"}],"replies":[{"embeddable":true,"href":"https:\/\/haday.amo.com.vn\/index.php\/wp-json\/wp\/v2\/comments?post=18841"}],"version-history":[{"count":4,"href":"https:\/\/haday.amo.com.vn\/index.php\/wp-json\/wp\/v2\/pages\/18841\/revisions"}],"predecessor-version":[{"id":18846,"href":"https:\/\/haday.amo.com.vn\/index.php\/wp-json\/wp\/v2\/pages\/18841\/revisions\/18846"}],"wp:featuredmedia":[{"embeddable":true,"href":"https:\/\/haday.amo.com.vn\/index.php\/wp-json\/wp\/v2\/media\/15113"}],"wp:attachment":[{"href":"https:\/\/haday.amo.com.vn\/index.php\/wp-json\/wp\/v2\/media?parent=18841"}],"curies":[{"name":"wp","href":"https:\/\/api.w.org\/{rel}","templated":true}]}}