{"id":18766,"date":"2026-01-07T16:18:13","date_gmt":"2026-01-07T09:18:13","guid":{"rendered":"https:\/\/haday.amo.com.vn\/?post_type=product&#038;p=18766"},"modified":"2026-01-07T16:18:43","modified_gmt":"2026-01-07T09:18:43","slug":"dau-hao-thuong-hang-700g","status":"publish","type":"product","link":"https:\/\/haday.amo.com.vn\/index.php\/product\/dau-hao-thuong-hang-700g\/","title":{"rendered":"D\u1ea7u H\u00e0o Th\u01b0\u1ee3ng H\u1ea1ng 700g"},"content":{"rendered":"<h3 style=\"text-align: center;\"><span style=\"color: #993300;\"><strong>HADAY D\u1ea6U H\u00c0O TH\u01af\u01a0NG H\u1ea0NG<\/strong><\/span><\/h3>\n<p><strong>1.<\/strong>\u00a0H\u01b0\u01a1ng v\u1ecb h\u00e0u th\u01a1m ngon, m\u00e0u n\u00e2u \u0111\u1ecf \u0111\u1eb7c tr\u01b0ng, c\u1ea5u tr\u00fac x\u1ed1t m\u1ecbn ho\u00e0 quy\u1ec7n v\u00e0o nhau. T\u1ea1o n\u00ean lo\u1ea1i d\u1ea7u h\u00e0o h\u1ea3o h\u1ea1ng, b\u00e1n ch\u1ea1y nh\u1ea5t c\u1ee7a th\u01b0\u01a1ng hi\u1ec7u Haday.<\/p>\n<p><strong>2.<\/strong>\u00a0Ch\u1ea5t l\u01b0\u1ee3ng h\u1ea3o h\u1ea1ng v\u1edbi chi\u1ebft xu\u1ea5t h\u00e0o 10%.<\/p>\n<p><strong>&#8211; C\u00f3 th\u1ec3 s\u1eed d\u1ee5ng \u0111\u1ec3:<\/strong>\u00a0Ch\u1ea5m, tr\u1ed9n, x\u00e0o, x\u00e0o m\u00ec, n\u00eam canh<\/p>\n<p><strong>&#8211; K\u00edch th\u01b0\u1edbc c\u00f3 s\u1eb5n:<\/strong> 260g, 520g, 590g, 700g, 1kg, 2.27kg, 6kg<\/p>\n<hr \/>\n<p><strong>D\u1ea7u h\u00e0o<\/strong>, m\u1ed9t lo\u1ea1i gia v\u1ecb quen thu\u1ed9c trong nhi\u1ec1u m\u00f3n \u0103n \u00c1 \u0110\u00f4ng, c\u00f3 m\u1ed9t c\u00e2u chuy\u1ec7n b\u1eaft ngu\u1ed3n kh\u00e1 th\u00fa v\u1ecb.<\/p>\n<h3><strong>1. Ngu\u1ed3n G\u1ed1c T\u00ecnh C\u1edd<\/strong><\/h3>\n<ul>\n<li><strong>Kh\u00e1m ph\u00e1 ng\u1eabu nhi\u00ean:<\/strong>\u00a0D\u1ea7u h\u00e0o \u0111\u01b0\u1ee3c ph\u00e1t minh v\u00e0o n\u0103m 1888 b\u1edfi \u00f4ng Lee Kam Sheung, m\u1ed9t ng\u01b0\u1eddi Trung Qu\u1ed1c. Trong m\u1ed9t l\u1ea7n s\u01a1 \u00fd, \u00f4ng \u0111\u00e3 \u0111\u1ec3 qu\u00ean m\u1ed9t n\u1ed3i h\u00e0u \u0111\u00e3 n\u1ea5u ch\u00edn trong n\u01b0\u1edbc mu\u1ed1i kh\u00e1 l\u00e2u.<\/li>\n<li><strong>H\u01b0\u01a1ng v\u1ecb \u0111\u1eb7c bi\u1ec7t:<\/strong>\u00a0Sau m\u1ed9t th\u1eddi gian, \u00f4ng ph\u00e1t hi\u1ec7n ra r\u1eb1ng h\u1ed7n h\u1ee3p h\u00e0u n\u00e0y \u0111\u00e3 l\u00ean men v\u00e0 t\u1ea1o ra m\u1ed9t h\u01b0\u01a1ng v\u1ecb \u0111\u1eb7c bi\u1ec7t, th\u01a1m ngon. T\u1eeb \u0111\u00f3, \u00f4ng \u0111\u00e3 nghi\u00ean c\u1ee9u v\u00e0 ph\u00e1t tri\u1ec3n lo\u1ea1i gia v\u1ecb n\u00e0y, \u0111\u1eb7t t\u00ean l\u00e0 d\u1ea7u h\u00e0o.<\/li>\n<\/ul>\n<h3><strong>2. Qu\u00e1 tr\u00ecnh Ph\u00e1t Tri\u1ec3n v\u00e0 Lan T\u1ecfa<\/strong><\/h3>\n<ul>\n<li><strong>T\u1eeb m\u1ed9t ph\u00e1t minh t\u00ecnh c\u1edd:<\/strong>\u00a0T\u1eeb m\u1ed9t s\u1ef1 c\u1ed1 nh\u00e0 b\u1ebfp, d\u1ea7u h\u00e0o \u0111\u00e3 tr\u1edf th\u00e0nh m\u1ed9t lo\u1ea1i gia v\u1ecb ph\u1ed5 bi\u1ebfn tr\u00ean to\u00e0n th\u1ebf gi\u1edbi. H\u01b0\u01a1ng v\u1ecb \u0111\u1eadm \u0111\u00e0, umami \u0111\u1eb7c tr\u01b0ng c\u1ee7a d\u1ea7u h\u00e0o \u0111\u00e3 nhanh ch\u00f3ng chinh ph\u1ee5c kh\u1ea9u v\u1ecb c\u1ee7a nhi\u1ec1u ng\u01b0\u1eddi.<\/li>\n<li><strong>S\u1ea3n xu\u1ea5t c\u00f4ng nghi\u1ec7p:<\/strong>\u00a0Ban \u0111\u1ea7u, d\u1ea7u h\u00e0o \u0111\u01b0\u1ee3c s\u1ea3n xu\u1ea5t th\u1ee7 c\u00f4ng. Tuy nhi\u00ean, v\u1edbi nhu c\u1ea7u ng\u00e0y c\u00e0ng cao, qu\u00e1 tr\u00ecnh s\u1ea3n xu\u1ea5t \u0111\u00e3 \u0111\u01b0\u1ee3c c\u00f4ng nghi\u1ec7p h\u00f3a. C\u00e1c nh\u00e0 m\u00e1y hi\u1ec7n \u0111\u1ea1i s\u1eed d\u1ee5ng c\u00f4ng ngh\u1ec7 \u0111\u1ec3 t\u1ea1o ra nh\u1eefng s\u1ea3n ph\u1ea9m d\u1ea7u h\u00e0o ch\u1ea5t l\u01b0\u1ee3ng, \u0111\u1ed3ng \u0111\u1ec1u.<\/li>\n<li><strong>\u0110a d\u1ea1ng h\u00f3a s\u1ea3n ph\u1ea9m:<\/strong>\u00a0Ng\u00e0y nay, d\u1ea7u h\u00e0o kh\u00f4ng ch\u1ec9 \u0111\u01b0\u1ee3c l\u00e0m t\u1eeb h\u00e0u t\u1ef1 nhi\u00ean m\u00e0 c\u00f2n c\u00f3 nhi\u1ec1u lo\u1ea1i d\u1ea7u h\u00e0o \u0111\u01b0\u1ee3c s\u1ea3n xu\u1ea5t t\u1eeb c\u00e1c nguy\u00ean li\u1ec7u kh\u00e1c nh\u01b0 n\u1ea5m, rong bi\u1ec3n, k\u1ebft h\u1ee3p v\u1edbi c\u00e1c gia v\u1ecb kh\u00e1c \u0111\u1ec3 t\u1ea1o ra nhi\u1ec1u h\u01b0\u01a1ng v\u1ecb \u0111a d\u1ea1ng.<\/li>\n<li><strong>\u1ee8ng d\u1ee5ng r\u1ed9ng r\u00e3i:<\/strong>\u00a0D\u1ea7u h\u00e0o \u0111\u01b0\u1ee3c s\u1eed d\u1ee5ng trong r\u1ea5t nhi\u1ec1u m\u00f3n \u0103n, t\u1eeb c\u00e1c m\u00f3n x\u00e0o, n\u1ea5u, \u01b0\u1edbp \u0111\u1ebfn c\u00e1c m\u00f3n ch\u1ea5m. H\u01b0\u01a1ng v\u1ecb c\u1ee7a d\u1ea7u h\u00e0o gi\u00fap t\u0103ng th\u00eam \u0111\u1ed9 \u0111\u1eadm \u0111\u00e0, th\u01a1m ngon cho m\u00f3n \u0103n.<\/li>\n<\/ul>\n<h3><strong>3. Th\u00e0nh Ph\u1ea7n v\u00e0 H\u01b0\u01a1ng V\u1ecb<\/strong><\/h3>\n<ul>\n<li><strong>Th\u00e0nh ph\u1ea7n ch\u00ednh:<\/strong>\u00a0D\u1ea7u h\u00e0o ch\u1ee7 y\u1ebfu \u0111\u01b0\u1ee3c l\u00e0m t\u1eeb h\u00e0u, \u0111\u01b0\u1eddng, mu\u1ed1i v\u00e0 n\u01b0\u1edbc.<\/li>\n<li><strong>H\u01b0\u01a1ng v\u1ecb \u0111\u1eb7c tr\u01b0ng:<\/strong>\u00a0D\u1ea7u h\u00e0o c\u00f3 m\u00e0u n\u00e2u s\u1eabm, s\u00e1nh m\u1ecbn v\u00e0 c\u00f3 v\u1ecb ng\u1ecdt m\u1eb7n \u0111\u1eb7c tr\u01b0ng, mang \u0111\u1ebfn h\u01b0\u01a1ng v\u1ecb umami \u0111\u1eadm \u0111\u00e0 cho m\u00f3n \u0103n.<\/li>\n<\/ul>\n","protected":false},"excerpt":{"rendered":"<p>HADAY D\u1ea6U H\u00c0O TH\u01af\u01a0NG H\u1ea0NG 1.\u00a0H\u01b0\u01a1ng v\u1ecb h\u00e0u th\u01a1m ngon, m\u00e0u n\u00e2u \u0111\u1ecf \u0111\u1eb7c tr\u01b0ng, c\u1ea5u tr\u00fac x\u1ed1t m\u1ecbn ho\u00e0 quy\u1ec7n v\u00e0o nhau. T\u1ea1o n\u00ean lo\u1ea1i d\u1ea7u h\u00e0o h\u1ea3o h\u1ea1ng, b\u00e1n ch\u1ea1y nh\u1ea5t c\u1ee7a th\u01b0\u01a1ng hi\u1ec7u Haday. 2.\u00a0Ch\u1ea5t l\u01b0\u1ee3ng h\u1ea3o h\u1ea1ng v\u1edbi chi\u1ebft xu\u1ea5t h\u00e0o 10%. &#8211; C\u00f3 th\u1ec3 s\u1eed d\u1ee5ng \u0111\u1ec3:\u00a0Ch\u1ea5m, tr\u1ed9n, x\u00e0o, x\u00e0o&hellip;<\/p>\n","protected":false},"featured_media":18760,"template":"","meta":[],"product_brand":[],"product_cat":[114],"product_tag":[],"class_list":{"0":"post-18766","1":"product","2":"type-product","3":"status-publish","4":"has-post-thumbnail","6":"product_cat-dau-hao","7":"description-off","9":"first","10":"instock","11":"shipping-taxable","12":"product-type-simple"},"_links":{"self":[{"href":"https:\/\/haday.amo.com.vn\/index.php\/wp-json\/wp\/v2\/product\/18766","targetHints":{"allow":["GET"]}}],"collection":[{"href":"https:\/\/haday.amo.com.vn\/index.php\/wp-json\/wp\/v2\/product"}],"about":[{"href":"https:\/\/haday.amo.com.vn\/index.php\/wp-json\/wp\/v2\/types\/product"}],"wp:featuredmedia":[{"embeddable":true,"href":"https:\/\/haday.amo.com.vn\/index.php\/wp-json\/wp\/v2\/media\/18760"}],"wp:attachment":[{"href":"https:\/\/haday.amo.com.vn\/index.php\/wp-json\/wp\/v2\/media?parent=18766"}],"wp:term":[{"taxonomy":"product_brand","embeddable":true,"href":"https:\/\/haday.amo.com.vn\/index.php\/wp-json\/wp\/v2\/product_brand?post=18766"},{"taxonomy":"product_cat","embeddable":true,"href":"https:\/\/haday.amo.com.vn\/index.php\/wp-json\/wp\/v2\/product_cat?post=18766"},{"taxonomy":"product_tag","embeddable":true,"href":"https:\/\/haday.amo.com.vn\/index.php\/wp-json\/wp\/v2\/product_tag?post=18766"}],"curies":[{"name":"wp","href":"https:\/\/api.w.org\/{rel}","templated":true}]}}