{"id":18782,"date":"2026-01-07T16:54:25","date_gmt":"2026-01-07T09:54:25","guid":{"rendered":"https:\/\/haday.amo.com.vn\/?post_type=product&#038;p=18782"},"modified":"2026-01-07T16:54:38","modified_gmt":"2026-01-07T09:54:38","slug":"tuong-dau-nanh-thuong-hang-2kg","status":"publish","type":"product","link":"https:\/\/haday.amo.com.vn\/index.php\/product\/tuong-dau-nanh-thuong-hang-2kg\/","title":{"rendered":"T\u01b0\u01a1ng \u0110\u1eadu N\u00e0nh Th\u01b0\u1ee3ng H\u1ea1ng 2kg"},"content":{"rendered":"<h3 style=\"text-align: center;\"><span style=\"color: #993300;\"><strong>HADAY T\u01af\u01a0NG \u0110\u1eacU N\u00c0NH TH\u01af\u01a0NG H\u1ea0NG<\/strong><\/span><\/h3>\n<p><strong>1.<\/strong>\u00a0D\u00f2ng t\u01b0\u01a1ng \u0111\u1eadu cao c\u1ea5p \u0111\u1ebfn t\u1eeb th\u01b0\u01a1ng hi\u1ec7u Haday.<\/p>\n<p><strong>2.<\/strong>\u00a0H\u01b0\u01a1ng v\u1ecb ng\u1ecdt thanh, h\u00f2a quy\u1ec7n v\u1edbi ch\u00fat b\u00f9i b\u00e9o \u0111\u1eb7c tr\u01b0ng c\u1ee7a nh\u1eefng h\u1ea1t \u0111\u1eadu n\u00e0nh b\u00f3ng b\u1ea9y, ch\u1ea5t l\u01b0\u1ee3ng cho m\u00f3n ngon th\u00eam tr\u00f2n v\u1ecb.<\/p>\n<p><strong>&#8211; C\u00f3 th\u1ec3 s\u1eed d\u1ee5ng \u0111\u1ec3:<\/strong>\u00a0Tr\u1ed9n, x\u00e0o, h\u1ea5m, ch\u1ea5m, kho<\/p>\n<p><strong>&#8211; K\u00edch th\u01b0\u1edbc c\u00f3 s\u1eb5n:<\/strong> 230g, 340g, 800g, 2kg<\/p>\n<hr \/>\n<p>T\u01b0\u01a1ng \u0110\u1eadu N\u00e0nh: H\u01b0\u01a1ng V\u1ecb Truy\u1ec1n Th\u1ed1ng v\u00e0 C\u00e2u Chuy\u1ec7n Ngu\u1ed3n G\u1ed1c<\/p>\n<p><strong>T\u01b0\u01a1ng \u0111\u1eadu n\u00e0nh<\/strong>, m\u1ed9t lo\u1ea1i gia v\u1ecb quen thu\u1ed9c trong \u1ea9m th\u1ef1c \u00c1 \u0110\u00f4ng, \u0111\u1eb7c bi\u1ec7t l\u00e0 c\u00e1c n\u01b0\u1edbc \u0110\u00f4ng \u00c1 v\u00e0 \u0110\u00f4ng Nam \u00c1, \u0111\u00e3 \u0111\u1ed3ng h\u00e0nh c\u00f9ng con ng\u01b0\u1eddi t\u1eeb r\u1ea5t l\u00e2u \u0111\u1eddi. H\u01b0\u01a1ng v\u1ecb \u0111\u1eadm \u0111\u00e0, m\u1eb7n ng\u1ecdt h\u00e0i h\u00f2a c\u1ee7a t\u01b0\u01a1ng \u0111\u1eadu n\u00e0nh \u0111\u00e3 tr\u1edf th\u00e0nh m\u1ed9t ph\u1ea7n kh\u00f4ng th\u1ec3 thi\u1ebfu trong nhi\u1ec1u m\u00f3n \u0103n truy\u1ec1n th\u1ed1ng.<\/p>\n<p><strong>1. Ngu\u1ed3n G\u1ed1c C\u1ee7a T\u01b0\u01a1ng \u0110\u1eadu N\u00e0nh<\/strong><\/p>\n<p><em>Trung Qu\u1ed1c: C\u00e1i N\u00f4i C\u1ee7a T\u01b0\u01a1ng \u0110\u1eadu N\u00e0nh<\/em><\/p>\n<ul>\n<li><strong>Kh\u00e1m ph\u00e1 t\u00ecnh c\u1edd:<\/strong>\u00a0Gi\u1ed1ng nh\u01b0 nhi\u1ec1u ph\u00e1t minh v\u0129 \u0111\u1ea1i kh\u00e1c, t\u01b0\u01a1ng \u0111\u1eadu n\u00e0nh \u0111\u01b0\u1ee3c cho l\u00e0 ra \u0111\u1eddi m\u1ed9t c\u00e1ch t\u00ecnh c\u1edd. Trong qu\u00e1 tr\u00ecnh ch\u1ebf bi\u1ebfn \u0111\u1eadu n\u00e0nh, ng\u01b0\u1eddi Trung Qu\u1ed1c c\u1ed5 \u0111\u1ea1i \u0111\u00e3 ph\u00e1t hi\u1ec7n ra r\u1eb1ng khi \u0111\u1ec3 \u0111\u1eadu n\u00e0nh l\u00ean men t\u1ef1 nhi\u00ean trong m\u1ed9t th\u1eddi gian d\u00e0i, ch\u00fang s\u1ebd t\u1ea1o ra m\u1ed9t lo\u1ea1i n\u01b0\u1edbc ch\u1ea5m c\u00f3 v\u1ecb m\u1eb7n, th\u01a1m ngon.<\/li>\n<li><strong>Qu\u00e1 tr\u00ecnh l\u00ean men:<\/strong>\u00a0Qu\u00e1 tr\u00ecnh l\u00ean men t\u1ef1 nhi\u00ean l\u00e0 y\u1ebfu t\u1ed1 quan tr\u1ecdng t\u1ea1o n\u00ean h\u01b0\u01a1ng v\u1ecb \u0111\u1eb7c tr\u01b0ng c\u1ee7a t\u01b0\u01a1ng \u0111\u1eadu n\u00e0nh. C\u00e1c vi sinh v\u1eadt c\u00f3 l\u1ee3i s\u1ebd ph\u00e2n gi\u1ea3i protein trong \u0111\u1eadu n\u00e0nh, t\u1ea1o ra c\u00e1c axit amin v\u00e0 c\u00e1c h\u1ee3p ch\u1ea5t t\u1ea1o n\u00ean h\u01b0\u01a1ng v\u1ecb umami \u0111\u1eb7c tr\u01b0ng.<\/li>\n<\/ul>\n<p><em>Lan t\u1ecfa kh\u1eafp ch\u00e2u \u00c1<\/em><\/p>\n<p>T\u1eeb Trung Qu\u1ed1c, t\u01b0\u01a1ng \u0111\u1eadu n\u00e0nh nhanh ch\u00f3ng lan r\u1ed9ng ra c\u00e1c n\u01b0\u1edbc l\u00e1ng gi\u1ec1ng nh\u01b0 Nh\u1eadt B\u1ea3n, H\u00e0n Qu\u1ed1c, Vi\u1ec7t Nam v\u00e0 c\u00e1c n\u01b0\u1edbc \u0110\u00f4ng Nam \u00c1 kh\u00e1c. M\u1ed7i qu\u1ed1c gia \u0111\u00e3 ph\u00e1t tri\u1ec3n nh\u1eefng c\u00f4ng th\u1ee9c v\u00e0 ph\u01b0\u01a1ng ph\u00e1p s\u1ea3n xu\u1ea5t t\u01b0\u01a1ng \u0111\u1eadu n\u00e0nh ri\u00eang, t\u1ea1o n\u00ean nh\u1eefng h\u01b0\u01a1ng v\u1ecb \u0111\u1eb7c tr\u01b0ng.<\/p>\n<p><strong>2. Qu\u00e1 tr\u00ecnh Ph\u00e1t Tri\u1ec3n v\u00e0 \u0110a D\u1ea1ng H\u00f3a<\/strong><\/p>\n<ul>\n<li><strong>T\u1eeb s\u1ea3n xu\u1ea5t th\u1ee7 c\u00f4ng \u0111\u1ebfn c\u00f4ng nghi\u1ec7p:<\/strong>\u00a0Ban \u0111\u1ea7u, t\u01b0\u01a1ng \u0111\u1eadu n\u00e0nh \u0111\u01b0\u1ee3c s\u1ea3n xu\u1ea5t ho\u00e0n to\u00e0n th\u1ee7 c\u00f4ng. Ng\u01b0\u1eddi ta cho \u0111\u1eadu n\u00e0nh, mu\u1ed1i v\u00e0 c\u00e1c nguy\u00ean li\u1ec7u kh\u00e1c v\u00e0o c\u00e1c th\u00f9ng l\u1edbn, \u0111\u1ec3 ch\u00fang l\u00ean men t\u1ef1 nhi\u00ean trong th\u1eddi gian d\u00e0i. Ng\u00e0y nay, qu\u00e1 tr\u00ecnh s\u1ea3n xu\u1ea5t \u0111\u00e3 \u0111\u01b0\u1ee3c c\u00f4ng nghi\u1ec7p h\u00f3a, s\u1eed d\u1ee5ng c\u00e1c thi\u1ebft b\u1ecb hi\u1ec7n \u0111\u1ea1i \u0111\u1ec3 ki\u1ec3m so\u00e1t qu\u00e1 tr\u00ecnh l\u00ean men, r\u00fat ng\u1eafn th\u1eddi gian v\u00e0 \u0111\u1ea3m b\u1ea3o ch\u1ea5t l\u01b0\u1ee3ng s\u1ea3n ph\u1ea9m.<\/li>\n<li><strong>\u0110a d\u1ea1ng v\u1ec1 lo\u1ea1i v\u00e0 h\u01b0\u01a1ng v\u1ecb:<\/strong>\u00a0T\u01b0\u01a1ng \u0111\u1eadu n\u00e0nh hi\u1ec7n nay c\u00f3 r\u1ea5t nhi\u1ec1u lo\u1ea1i kh\u00e1c nhau, t\u1eeb t\u01b0\u01a1ng \u0111\u1eadu n\u00e0nh nh\u1ea1t m\u00e0u d\u00f9ng \u0111\u1ec3 ch\u1ea5m rau s\u1ed1ng \u0111\u1ebfn t\u01b0\u01a1ng \u0111\u1eadu n\u00e0nh \u0111\u1eadm m\u00e0u d\u00f9ng \u0111\u1ec3 x\u00e0o n\u1ea5u. M\u1ed7i lo\u1ea1i t\u01b0\u01a1ng \u0111\u1ec1u c\u00f3 h\u01b0\u01a1ng v\u1ecb v\u00e0 \u0111\u1ed9 m\u1eb7n kh\u00e1c nhau, ph\u00f9 h\u1ee3p v\u1edbi t\u1eebng m\u00f3n \u0103n.<\/li>\n<\/ul>\n","protected":false},"excerpt":{"rendered":"<p>HADAY T\u01af\u01a0NG \u0110\u1eacU N\u00c0NH TH\u01af\u01a0NG H\u1ea0NG 1.\u00a0D\u00f2ng t\u01b0\u01a1ng \u0111\u1eadu cao c\u1ea5p \u0111\u1ebfn t\u1eeb th\u01b0\u01a1ng hi\u1ec7u Haday. 2.\u00a0H\u01b0\u01a1ng v\u1ecb ng\u1ecdt thanh, h\u00f2a quy\u1ec7n v\u1edbi ch\u00fat b\u00f9i b\u00e9o \u0111\u1eb7c tr\u01b0ng c\u1ee7a nh\u1eefng h\u1ea1t \u0111\u1eadu n\u00e0nh b\u00f3ng b\u1ea9y, ch\u1ea5t l\u01b0\u1ee3ng cho m\u00f3n ngon th\u00eam tr\u00f2n v\u1ecb. &#8211; C\u00f3 th\u1ec3 s\u1eed d\u1ee5ng \u0111\u1ec3:\u00a0Tr\u1ed9n, x\u00e0o, h\u1ea5m, ch\u1ea5m, kho &#8211; K\u00edch&hellip;<\/p>\n","protected":false},"featured_media":18779,"template":"","meta":[],"product_brand":[],"product_cat":[115],"product_tag":[],"class_list":{"0":"post-18782","1":"product","2":"type-product","3":"status-publish","4":"has-post-thumbnail","6":"product_cat-tuong-dau-nanh","7":"description-off","9":"first","10":"instock","11":"shipping-taxable","12":"product-type-simple"},"_links":{"self":[{"href":"https:\/\/haday.amo.com.vn\/index.php\/wp-json\/wp\/v2\/product\/18782","targetHints":{"allow":["GET"]}}],"collection":[{"href":"https:\/\/haday.amo.com.vn\/index.php\/wp-json\/wp\/v2\/product"}],"about":[{"href":"https:\/\/haday.amo.com.vn\/index.php\/wp-json\/wp\/v2\/types\/product"}],"wp:featuredmedia":[{"embeddable":true,"href":"https:\/\/haday.amo.com.vn\/index.php\/wp-json\/wp\/v2\/media\/18779"}],"wp:attachment":[{"href":"https:\/\/haday.amo.com.vn\/index.php\/wp-json\/wp\/v2\/media?parent=18782"}],"wp:term":[{"taxonomy":"product_brand","embeddable":true,"href":"https:\/\/haday.amo.com.vn\/index.php\/wp-json\/wp\/v2\/product_brand?post=18782"},{"taxonomy":"product_cat","embeddable":true,"href":"https:\/\/haday.amo.com.vn\/index.php\/wp-json\/wp\/v2\/product_cat?post=18782"},{"taxonomy":"product_tag","embeddable":true,"href":"https:\/\/haday.amo.com.vn\/index.php\/wp-json\/wp\/v2\/product_tag?post=18782"}],"curies":[{"name":"wp","href":"https:\/\/api.w.org\/{rel}","templated":true}]}}