{"id":18800,"date":"2026-01-08T09:49:30","date_gmt":"2026-01-08T02:49:30","guid":{"rendered":"https:\/\/haday.amo.com.vn\/?post_type=product&#038;p=18800"},"modified":"2026-01-20T09:15:12","modified_gmt":"2026-01-20T02:15:12","slug":"nuoc-tuong-hap-ca-450ml","status":"publish","type":"product","link":"https:\/\/haday.amo.com.vn\/index.php\/product\/nuoc-tuong-hap-ca-450ml\/","title":{"rendered":"N\u01b0\u1edbc T\u01b0\u01a1ng H\u1ea5p C\u00e1 450ml"},"content":{"rendered":"<h3 style=\"text-align: center;\"><span style=\"color: #993300;\"><strong>HADAY N\u01af\u1edaC T\u01af\u01a0NG H\u1ea4P C\u00c1<\/strong><\/span><\/h3>\n<p><strong>1.<\/strong>\u00a0V\u1ecb t\u01b0\u01a1ng \u0111\u1eadm \u0111\u00e0, h\u01b0\u01a1ng th\u01a1m \u0111\u1eb7c tr\u01b0ng, m\u00e0u t\u01b0\u01a1ng \u0111\u1ecf trong, b\u1eaft m\u1eaft.<\/p>\n<p><strong>2.<\/strong>\u00a0Th\u01b0\u1edfng th\u1ee9c ngay m\u00f3n c\u00e1 ch\u01b0ng t\u01b0\u01a1ng h\u1ea5p d\u1eabn theo chu\u1ea9n nh\u00e0 h\u00e0ng ngay t\u1ea1i nh\u00e0.<\/p>\n<p><strong>&#8211; C\u00f3 th\u1ec3 s\u1eed d\u1ee5ng \u0111\u1ec3:<\/strong>\u00a0H\u1ea5p c\u00e1, x\u00e0o<\/p>\n<p><strong>&#8211; K\u00edch th\u01b0\u1edbc c\u00f3 s\u1eb5n:<\/strong> 450ml, 1.75L, 4.9L<\/p>\n<hr \/>\n<p><strong>H\u1eafc x\u00ec d\u1ea7u<\/strong>\u00a0l\u00e0 m\u1ed9t lo\u1ea1i gia v\u1ecb \u0111\u1eadm \u0111\u00e0, c\u00f3 m\u00e0u n\u00e2u \u0111en \u0111\u1eb7c tr\u01b0ng, \u0111\u01b0\u1ee3c s\u1eed d\u1ee5ng r\u1ed9ng r\u00e3i trong \u1ea9m th\u1ef1c \u00c1 \u0110\u00f4ng. N\u00f3 mang \u0111\u1ebfn m\u1ed9t h\u01b0\u01a1ng v\u1ecb s\u00e2u l\u1eafng, umami v\u00e0 m\u00e0u s\u1eafc h\u1ea5p d\u1eabn cho c\u00e1c m\u00f3n \u0103n.<\/p>\n<h3><strong>1. S\u1ef1 kh\u00e1c bi\u1ec7t gi\u1eefa h\u1eafc x\u00ec d\u1ea7u v\u00e0 n\u01b0\u1edbc t\u01b0\u01a1ng<\/strong><\/h3>\n<p>Nhi\u1ec1u ng\u01b0\u1eddi th\u01b0\u1eddng nh\u1ea7m l\u1eabn gi\u1eefa h\u1eafc x\u00ec d\u1ea7u v\u00e0 n\u01b0\u1edbc t\u01b0\u01a1ng. C\u1ea3 hai \u0111\u1ec1u \u0111\u01b0\u1ee3c l\u00e0m t\u1eeb \u0111\u1eadu n\u00e0nh, nh\u01b0ng h\u1eafc x\u00ec d\u1ea7u c\u00f3 qu\u00e1 tr\u00ecnh l\u00ean men l\u00e2u h\u01a1n v\u00e0 ph\u1ee9c t\u1ea1p h\u01a1n, d\u1eabn \u0111\u1ebfn m\u00e0u s\u1eafc \u0111\u1eadm h\u01a1n v\u00e0 h\u01b0\u01a1ng v\u1ecb \u0111\u1eadm \u0111\u00e0 h\u01a1n.<\/p>\n<h3><strong>2. \u0110\u1eb7c \u0111i\u1ec3m c\u1ee7a h\u1eafc x\u00ec d\u1ea7u<\/strong><\/h3>\n<ul>\n<li><strong>M\u00e0u s\u1eafc:<\/strong>\u00a0N\u00e2u \u0111en \u0111\u1eadm \u0111\u1eb7c<\/li>\n<li><strong>H\u01b0\u01a1ng v\u1ecb:<\/strong>\u00a0\u0110\u1eadm \u0111\u00e0, umami, h\u01a1i ng\u1ecdt v\u00e0 c\u00f3 ch\u00fat v\u1ecb kh\u00f3i<\/li>\n<li><strong>\u0110\u1ed9 s\u00e1nh:<\/strong>\u00a0S\u1ec7t h\u01a1n n\u01b0\u1edbc t\u01b0\u01a1ng th\u00f4ng th\u01b0\u1eddng<\/li>\n<li><strong>C\u00f4ng d\u1ee5ng:<\/strong>\n<ul>\n<li>S\u1eed d\u1ee5ng \u0111\u1ec3 t\u1ea9m \u01b0\u1edbp c\u00e1c lo\u1ea1i th\u1ecbt, h\u1ea3i s\u1ea3n.<\/li>\n<li>L\u00e0m n\u01b0\u1edbc s\u1ed1t cho c\u00e1c m\u00f3n x\u00e0o, n\u1ea5u.<\/li>\n<li>L\u00e0m gia v\u1ecb cho c\u00e1c m\u00f3n m\u00ec, ph\u1edf.<\/li>\n<li>D\u00f9ng \u0111\u1ec3 ch\u1ea5m c\u00e1c m\u00f3n lu\u1ed9c, n\u01b0\u1edbng.<\/li>\n<\/ul>\n<\/li>\n<\/ul>\n<p><strong>L\u01b0u \u00fd:<\/strong>\u00a0Th\u1eddi gian l\u00ean men c\u00e0ng l\u00e2u th\u00ec h\u1eafc x\u00ec d\u1ea7u c\u00e0ng c\u00f3 h\u01b0\u01a1ng v\u1ecb \u0111\u1eadm \u0111\u00e0 v\u00e0 ph\u1ee9c t\u1ea1p.<\/p>\n","protected":false},"excerpt":{"rendered":"<p>HADAY N\u01af\u1edaC T\u01af\u01a0NG H\u1ea4P C\u00c1 1.\u00a0V\u1ecb t\u01b0\u01a1ng \u0111\u1eadm \u0111\u00e0, h\u01b0\u01a1ng th\u01a1m \u0111\u1eb7c tr\u01b0ng, m\u00e0u t\u01b0\u01a1ng \u0111\u1ecf trong, b\u1eaft m\u1eaft. 2.\u00a0Th\u01b0\u1edfng th\u1ee9c ngay m\u00f3n c\u00e1 ch\u01b0ng t\u01b0\u01a1ng h\u1ea5p d\u1eabn theo chu\u1ea9n nh\u00e0 h\u00e0ng ngay t\u1ea1i nh\u00e0. &#8211; C\u00f3 th\u1ec3 s\u1eed d\u1ee5ng \u0111\u1ec3:\u00a0H\u1ea5p c\u00e1, x\u00e0o &#8211; K\u00edch th\u01b0\u1edbc c\u00f3 s\u1eb5n: 450ml, 1.75L, 4.9L H\u1eafc x\u00ec d\u1ea7u\u00a0l\u00e0 m\u1ed9t&hellip;<\/p>\n","protected":false},"featured_media":18801,"template":"","meta":[],"product_brand":[],"product_cat":[117],"product_tag":[],"class_list":{"0":"post-18800","1":"product","2":"type-product","3":"status-publish","4":"has-post-thumbnail","6":"product_cat-tuong-hap-ca","7":"description-off","9":"first","10":"instock","11":"sale","12":"shipping-taxable","13":"purchasable","14":"product-type-simple"},"_links":{"self":[{"href":"https:\/\/haday.amo.com.vn\/index.php\/wp-json\/wp\/v2\/product\/18800","targetHints":{"allow":["GET"]}}],"collection":[{"href":"https:\/\/haday.amo.com.vn\/index.php\/wp-json\/wp\/v2\/product"}],"about":[{"href":"https:\/\/haday.amo.com.vn\/index.php\/wp-json\/wp\/v2\/types\/product"}],"wp:featuredmedia":[{"embeddable":true,"href":"https:\/\/haday.amo.com.vn\/index.php\/wp-json\/wp\/v2\/media\/18801"}],"wp:attachment":[{"href":"https:\/\/haday.amo.com.vn\/index.php\/wp-json\/wp\/v2\/media?parent=18800"}],"wp:term":[{"taxonomy":"product_brand","embeddable":true,"href":"https:\/\/haday.amo.com.vn\/index.php\/wp-json\/wp\/v2\/product_brand?post=18800"},{"taxonomy":"product_cat","embeddable":true,"href":"https:\/\/haday.amo.com.vn\/index.php\/wp-json\/wp\/v2\/product_cat?post=18800"},{"taxonomy":"product_tag","embeddable":true,"href":"https:\/\/haday.amo.com.vn\/index.php\/wp-json\/wp\/v2\/product_tag?post=18800"}],"curies":[{"name":"wp","href":"https:\/\/api.w.org\/{rel}","templated":true}]}}