{"id":18810,"date":"2026-01-08T09:57:38","date_gmt":"2026-01-08T02:57:38","guid":{"rendered":"https:\/\/haday.amo.com.vn\/?post_type=product&#038;p=18810"},"modified":"2026-01-08T09:58:49","modified_gmt":"2026-01-08T02:58:49","slug":"xot-chu-hou-paste-240g","status":"publish","type":"product","link":"https:\/\/haday.amo.com.vn\/index.php\/product\/xot-chu-hou-paste-240g\/","title":{"rendered":"X\u1ed1t Chu Hou Paste 240g"},"content":{"rendered":"<h3 style=\"text-align: center;\"><span style=\"color: #993300;\"><strong>HADAY X\u1ed0T N\u1ea4M H\u01af\u01a0NG<\/strong><\/span><\/h3>\n<p>H\u01b0\u01a1ng v\u1ecb \u0111\u1eadm \u0111\u00e0 ho\u00e0 quy\u1ec7n c\u00f9ng h\u01b0\u01a1ng n\u1ea5m cay d\u1ecbu nh\u1eb9, topping n\u1ea5m h\u01b0\u01a1ng dai gi\u00f2n v\u00e0 \u0111\u1eadu n\u00e0nh t\u1ea1o n\u00ean m\u00f3n x\u1ed1t c\u01a1m tr\u1ed9n th\u01a1m ngon v\u00e0 \u0111\u01b0a c\u01a1m.<\/p>\n<p><strong>1.<\/strong>\u00a0Kh\u00f4ng ch\u1ea5t b\u1ea3o qu\u1ea3n.<\/p>\n<p><strong>2.<\/strong>\u00a0T\u1eebng h\u1ea1t \u0111\u1eadu n\u00e0nh m\u1ec1m m\u1ecbn ho\u00e0 quy\u1ec7n c\u00f9ng n\u1ea5m h\u01b0\u01a1ng dai ngon.<\/p>\n<p><strong>&#8211; C\u00f3 th\u1ec3 s\u1eed d\u1ee5ng \u0111\u1ec3:<\/strong>\u00a0X\u00e0o, \u01b0\u1edbp, ch\u1ea5m, tr\u1ed9n, h\u1ea5p, h\u1ea7m<\/p>\n<p><strong>&#8211; K\u00edch th\u01b0\u1edbc c\u00f3 s\u1eb5n:<\/strong> 240g, 300g, 380g<\/p>\n<hr \/>\n<p><strong>X\u1ed1t n\u1ea5m Haday<\/strong>\u00a0l\u00e0 m\u1ed9t s\u1ea3n ph\u1ea9m gia v\u1ecb \u0111\u01b0\u1ee3c ch\u1ebf bi\u1ebfn t\u1eeb n\u1ea5m t\u01b0\u01a1i k\u1ebft h\u1ee3p v\u1edbi c\u00e1c lo\u1ea1i gia v\u1ecb t\u1ef1 nhi\u00ean, mang \u0111\u1ebfn h\u01b0\u01a1ng v\u1ecb th\u01a1m ngon, \u0111\u1eadm \u0111\u00e0 v\u00e0 m\u00e0u s\u1eafc h\u1ea5p d\u1eabn. S\u1ea3n ph\u1ea9m n\u00e0y \u0111\u01b0\u1ee3c s\u1eed d\u1ee5ng r\u1ed9ng r\u00e3i trong nhi\u1ec1u m\u00f3n \u0103n, gi\u00fap t\u0103ng th\u00eam h\u01b0\u01a1ng v\u1ecb v\u00e0 m\u00e0u s\u1eafc cho m\u00f3n \u0103n.<\/p>\n<h3><strong>1. \u0110\u1eb7c \u0111i\u1ec3m n\u1ed5i b\u1eadt c\u1ee7a x\u1ed1t n\u1ea5m Haday<\/strong><\/h3>\n<ul>\n<li><strong>H\u01b0\u01a1ng v\u1ecb:<\/strong>\u00a0\u0110\u1eadm \u0111\u00e0, th\u01a1m l\u1eebng c\u1ee7a n\u1ea5m t\u01b0\u01a1i k\u1ebft h\u1ee3p v\u1edbi c\u00e1c lo\u1ea1i gia v\u1ecb t\u1ef1 nhi\u00ean t\u1ea1o n\u00ean m\u1ed9t h\u01b0\u01a1ng v\u1ecb \u0111\u1eb7c tr\u01b0ng, kh\u00f3 qu\u00ean.<\/li>\n<li><strong>M\u00e0u s\u1eafc:<\/strong>\u00a0M\u00e0u n\u00e2u c\u00e1nh gi\u00e1n t\u1ef1 nhi\u00ean, \u0111\u1eb9p m\u1eaft, gi\u00fap m\u00f3n \u0103n th\u00eam ph\u1ea7n h\u1ea5p d\u1eabn.<\/li>\n<li><strong>Th\u00e0nh ph\u1ea7n:<\/strong>\u00a0\u0110\u01b0\u1ee3c l\u00e0m t\u1eeb c\u00e1c nguy\u00ean li\u1ec7u t\u1ef1 nhi\u00ean nh\u01b0 n\u1ea5m, n\u01b0\u1edbc t\u01b0\u01a1ng, \u0111\u01b0\u1eddng, mu\u1ed1i, c\u00e1c lo\u1ea1i gia v\u1ecb&#8230; \u0111\u1ea3m b\u1ea3o an to\u00e0n cho s\u1ee9c kh\u1ecfe.<\/li>\n<\/ul>\n<h3><strong>2. C\u00e1ch s\u1eed d\u1ee5ng x\u1ed1t n\u1ea5m Haday<\/strong><\/h3>\n<ul>\n<li><strong>T\u1ea9m \u01b0\u1edbp:<\/strong>\u00a0Tr\u01b0\u1edbc khi ch\u1ebf bi\u1ebfn, b\u1ea1n c\u00f3 th\u1ec3 d\u00f9ng x\u1ed1t n\u1ea5m Haday \u0111\u1ec3 t\u1ea9m \u01b0\u1edbp c\u00e1c lo\u1ea1i th\u1ecbt, h\u1ea3i s\u1ea3n.<\/li>\n<li><strong>L\u00e0m n\u01b0\u1edbc s\u1ed1t:<\/strong>\u00a0Pha x\u1ed1t n\u1ea5m Haday v\u1edbi n\u01b0\u1edbc l\u1ecdc ho\u1eb7c n\u01b0\u1edbc d\u00f9ng \u0111\u1ec3 t\u1ea1o th\u00e0nh n\u01b0\u1edbc s\u1ed1t cho c\u00e1c m\u00f3n x\u00e0o, n\u1ea5u.<\/li>\n<li><strong>Ch\u1ebf bi\u1ebfn c\u00e1c m\u00f3n chay:<\/strong>\u00a0X\u1ed1t n\u1ea5m Haday l\u00e0 m\u1ed9t l\u1ef1a ch\u1ecdn ho\u00e0n h\u1ea3o \u0111\u1ec3 ch\u1ebf bi\u1ebfn c\u00e1c m\u00f3n chay nh\u01b0 \u0111\u1eadu h\u0169 s\u1ed1t n\u1ea5m, rau c\u1ee7 x\u00e0o n\u1ea5m&#8230;<\/li>\n<\/ul>\n","protected":false},"excerpt":{"rendered":"<p>HADAY X\u1ed0T N\u1ea4M H\u01af\u01a0NG H\u01b0\u01a1ng v\u1ecb \u0111\u1eadm \u0111\u00e0 ho\u00e0 quy\u1ec7n c\u00f9ng h\u01b0\u01a1ng n\u1ea5m cay d\u1ecbu nh\u1eb9, topping n\u1ea5m h\u01b0\u01a1ng dai gi\u00f2n v\u00e0 \u0111\u1eadu n\u00e0nh t\u1ea1o n\u00ean m\u00f3n x\u1ed1t c\u01a1m tr\u1ed9n th\u01a1m ngon v\u00e0 \u0111\u01b0a c\u01a1m. 1.\u00a0Kh\u00f4ng ch\u1ea5t b\u1ea3o qu\u1ea3n. 2.\u00a0T\u1eebng h\u1ea1t \u0111\u1eadu n\u00e0nh m\u1ec1m m\u1ecbn ho\u00e0 quy\u1ec7n c\u00f9ng n\u1ea5m h\u01b0\u01a1ng dai ngon. &#8211; C\u00f3 th\u1ec3&hellip;<\/p>\n","protected":false},"featured_media":18807,"template":"","meta":[],"product_brand":[],"product_cat":[118],"product_tag":[],"class_list":{"0":"post-18810","1":"product","2":"type-product","3":"status-publish","4":"has-post-thumbnail","6":"product_cat-xot-nam","7":"description-off","9":"first","10":"instock","11":"shipping-taxable","12":"product-type-simple"},"_links":{"self":[{"href":"https:\/\/haday.amo.com.vn\/index.php\/wp-json\/wp\/v2\/product\/18810","targetHints":{"allow":["GET"]}}],"collection":[{"href":"https:\/\/haday.amo.com.vn\/index.php\/wp-json\/wp\/v2\/product"}],"about":[{"href":"https:\/\/haday.amo.com.vn\/index.php\/wp-json\/wp\/v2\/types\/product"}],"wp:featuredmedia":[{"embeddable":true,"href":"https:\/\/haday.amo.com.vn\/index.php\/wp-json\/wp\/v2\/media\/18807"}],"wp:attachment":[{"href":"https:\/\/haday.amo.com.vn\/index.php\/wp-json\/wp\/v2\/media?parent=18810"}],"wp:term":[{"taxonomy":"product_brand","embeddable":true,"href":"https:\/\/haday.amo.com.vn\/index.php\/wp-json\/wp\/v2\/product_brand?post=18810"},{"taxonomy":"product_cat","embeddable":true,"href":"https:\/\/haday.amo.com.vn\/index.php\/wp-json\/wp\/v2\/product_cat?post=18810"},{"taxonomy":"product_tag","embeddable":true,"href":"https:\/\/haday.amo.com.vn\/index.php\/wp-json\/wp\/v2\/product_tag?post=18810"}],"curies":[{"name":"wp","href":"https:\/\/api.w.org\/{rel}","templated":true}]}}