{"id":18816,"date":"2026-01-12T10:01:02","date_gmt":"2026-01-12T03:01:02","guid":{"rendered":"https:\/\/haday.amo.com.vn\/?post_type=product&#038;p=18816"},"modified":"2026-01-12T10:01:18","modified_gmt":"2026-01-12T03:01:18","slug":"dau-me-250ml","status":"publish","type":"product","link":"https:\/\/haday.amo.com.vn\/index.php\/product\/dau-me-250ml\/","title":{"rendered":"D\u1ea7u M\u00e8 250ml"},"content":{"rendered":"<h3 style=\"text-align: center;\"><span style=\"color: #993300;\"><strong>HADAY D\u1ea6U M\u00c8<\/strong><\/span><\/h3>\n<p>Nguy\u00ean li\u1ec7u \u0111\u01b0\u1ee3c l\u00e0m t\u1eeb nh\u1eefng h\u1ea1t m\u00e8 h\u1ea3o h\u1ea1ng, rang xay b\u1eb1ng b\u00ed quy\u1ebft \u0111\u1eb7c bi\u1ec7t tr\u00ean d\u00e2y chuy\u1ec1n hi\u1ec7n \u0111\u1ea1i. Cho ra d\u1ea7u c\u00f3 m\u00e0u \u0111\u1ecf cam \u0111\u1ebfn \u0111\u1ecf n\u00e2u v\u00e0 th\u01a1m n\u1ed3ng ch\u1ea5t l\u01b0\u1ee3ng.<\/p>\n<p><strong>1.<\/strong>\u00a0100% nguy\u00ean ch\u1ea5t, kh\u00f4ng pha th\u00eam b\u1ea5t k\u1ef3 nguy\u00ean li\u1ec7u n\u00e0o.<\/p>\n<p><strong>2.<\/strong>\u00a0V\u1eebng \u00e9p b\u1eb1ng v\u1eadt l\u00fd thu\u1ea7n t\u00fay.<\/p>\n<p><strong>3.<\/strong>\u00a0Ngu\u1ed3n dinh d\u01b0\u1ee1ng t\u1eeb th\u1ef1c v\u1eadt.<\/p>\n<p><strong>&#8211; C\u00f3 th\u1ec3 s\u1eed d\u1ee5ng \u0111\u1ec3:<\/strong>\u00a0Tr\u1ed9n, \u01b0\u1edbp, s\u1ed1t ch\u1ea5m, l\u00e0m b\u00e1nh<\/p>\n<p><strong>&#8211; K\u00edch th\u01b0\u1edbc c\u00f3 s\u1eb5n:<\/strong> 150ml, 250ml, 1.9L<\/p>\n<hr \/>\n<p>C\u00f4ng d\u1ee5ng tuy\u1ec7t v\u1eddi c\u1ee7a d\u1ea7u m\u00e8 \u0111\u1ed1i v\u1edbi s\u1ee9c kh\u1ecfe<\/p>\n<p>D\u1ea7u m\u00e8, \u0111\u01b0\u1ee3c \u00e9p t\u1eeb h\u1ea1t m\u00e8, l\u00e0 m\u1ed9t lo\u1ea1i d\u1ea7u th\u1ef1c v\u1eadt c\u00f3 gi\u00e1 tr\u1ecb dinh d\u01b0\u1ee1ng cao v\u00e0 nhi\u1ec1u c\u00f4ng d\u1ee5ng tuy\u1ec7t v\u1eddi \u0111\u1ed1i v\u1edbi s\u1ee9c kh\u1ecfe. H\u00e3y c\u00f9ng kh\u00e1m ph\u00e1 nh\u1eefng l\u1ee3i \u00edch m\u00e0 d\u1ea7u m\u00e8 mang l\u1ea1i nh\u00e9!<\/p>\n<p>&#8211; C\u00e1c d\u01b0\u1ee1ng ch\u1ea5t c\u00f3 trong d\u1ea7u m\u00e8<\/p>\n<p>D\u1ea7u m\u00e8 ch\u1ee9a nhi\u1ec1u ch\u1ea5t b\u00e9o kh\u00f4ng b\u00e3o h\u00f2a \u0111\u01a1n v\u00e0 \u0111a, \u0111\u1eb7c bi\u1ec7t l\u00e0 axit linoleic (omega-6), vitamin E v\u00e0 c\u00e1c kho\u00e1ng ch\u1ea5t nh\u01b0 canxi, s\u1eaft, magie. Ch\u00ednh nh\u1eefng d\u01b0\u1ee1ng ch\u1ea5t n\u00e0y \u0111\u00e3 mang \u0111\u1ebfn nh\u1eefng c\u00f4ng d\u1ee5ng tuy\u1ec7t v\u1eddi cho s\u1ee9c kh\u1ecfe.<\/p>\n<p>&#8211; C\u00f4ng d\u1ee5ng c\u1ee7a d\u1ea7u m\u00e8<\/p>\n<ul>\n<li><strong>T\u1ed1t cho tim m\u1ea1ch:<\/strong>\n<ul>\n<li>Gi\u1ea3m cholesterol x\u1ea5u, t\u0103ng cholesterol t\u1ed1t, gi\u00fap ng\u0103n ng\u1eeba c\u00e1c b\u1ec7nh v\u1ec1 tim m\u1ea1ch nh\u01b0 x\u01a1 v\u1eefa \u0111\u1ed9ng m\u1ea1ch, \u0111\u1ed9t qu\u1ef5.<\/li>\n<li>\u0110i\u1ec1u h\u00f2a huy\u1ebft \u00e1p, gi\u1ea3m nguy c\u01a1 m\u1eafc c\u00e1c b\u1ec7nh tim m\u1ea1ch.<\/li>\n<\/ul>\n<\/li>\n<li><strong>H\u1ed7 tr\u1ee3 ti\u00eau h\u00f3a:<\/strong>\n<ul>\n<li>Gi\u00fap t\u0103ng c\u01b0\u1eddng h\u1ec7 ti\u00eau h\u00f3a, gi\u1ea3m t\u00e1o b\u00f3n.<\/li>\n<li>Ch\u1ed1ng vi\u00eam lo\u00e9t d\u1ea1 d\u00e0y, t\u00e1 tr\u00e0ng.<\/li>\n<\/ul>\n<\/li>\n<li><strong>C\u1ea3i thi\u1ec7n s\u1ee9c kh\u1ecfe x\u01b0\u01a1ng:<\/strong>\n<ul>\n<li>Cung c\u1ea5p canxi gi\u00fap x\u01b0\u01a1ng ch\u1eafc kh\u1ecfe, ng\u0103n ng\u1eeba lo\u00e3ng x\u01b0\u01a1ng.<\/li>\n<li>Gi\u1ea3m \u0111au nh\u1ee9c x\u01b0\u01a1ng kh\u1edbp.<\/li>\n<\/ul>\n<\/li>\n<li><strong>T\u1ed1t cho da v\u00e0 t\u00f3c:<\/strong>\n<ul>\n<li>Ch\u1ed1ng oxy h\u00f3a, ng\u0103n ng\u1eeba l\u00e3o h\u00f3a da.<\/li>\n<li>D\u01b0\u1ee1ng \u1ea9m, l\u00e0m m\u1ec1m da, t\u00f3c.<\/li>\n<li>Gi\u1ea3m r\u1ee5ng t\u00f3c, k\u00edch th\u00edch m\u1ecdc t\u00f3c.<\/li>\n<\/ul>\n<\/li>\n<li><strong>C\u1ea3i thi\u1ec7n gi\u1ea5c ng\u1ee7:<\/strong>\n<ul>\n<li>Gi\u00fap th\u01b0 gi\u00e3n h\u1ec7 th\u1ea7n kinh, gi\u1ea3m c\u0103ng th\u1eb3ng, c\u1ea3i thi\u1ec7n gi\u1ea5c ng\u1ee7.<\/li>\n<\/ul>\n<\/li>\n<li><strong>H\u1ed7 tr\u1ee3 gi\u1ea3m c\u00e2n:<\/strong>\n<ul>\n<li>T\u0103ng c\u01b0\u1eddng qu\u00e1 tr\u00ecnh trao \u0111\u1ed5i ch\u1ea5t, gi\u00fap \u0111\u1ed1t ch\u00e1y m\u1ee1 th\u1eeba.<\/li>\n<\/ul>\n<\/li>\n<li><strong>Ng\u0103n ng\u1eeba ung th\u01b0:<\/strong>\n<ul>\n<li>C\u00e1c ch\u1ea5t ch\u1ed1ng oxy h\u00f3a trong d\u1ea7u m\u00e8 gi\u00fap ng\u0103n ng\u1eeba s\u1ef1 h\u00ecnh th\u00e0nh t\u1ebf b\u00e0o ung th\u01b0.<\/li>\n<\/ul>\n<\/li>\n<\/ul>\n","protected":false},"excerpt":{"rendered":"<p>HADAY D\u1ea6U M\u00c8 Nguy\u00ean li\u1ec7u \u0111\u01b0\u1ee3c l\u00e0m t\u1eeb nh\u1eefng h\u1ea1t m\u00e8 h\u1ea3o h\u1ea1ng, rang xay b\u1eb1ng b\u00ed quy\u1ebft \u0111\u1eb7c bi\u1ec7t tr\u00ean d\u00e2y chuy\u1ec1n hi\u1ec7n \u0111\u1ea1i. Cho ra d\u1ea7u c\u00f3 m\u00e0u \u0111\u1ecf cam \u0111\u1ebfn \u0111\u1ecf n\u00e2u v\u00e0 th\u01a1m n\u1ed3ng ch\u1ea5t l\u01b0\u1ee3ng. 1.\u00a0100% nguy\u00ean ch\u1ea5t, kh\u00f4ng pha th\u00eam b\u1ea5t k\u1ef3 nguy\u00ean li\u1ec7u n\u00e0o. 2.\u00a0V\u1eebng \u00e9p b\u1eb1ng v\u1eadt&hellip;<\/p>\n","protected":false},"featured_media":18813,"template":"","meta":[],"product_brand":[],"product_cat":[119],"product_tag":[],"class_list":{"0":"post-18816","1":"product","2":"type-product","3":"status-publish","4":"has-post-thumbnail","6":"product_cat-dau-me","7":"description-off","9":"first","10":"instock","11":"shipping-taxable","12":"product-type-simple"},"_links":{"self":[{"href":"https:\/\/haday.amo.com.vn\/index.php\/wp-json\/wp\/v2\/product\/18816","targetHints":{"allow":["GET"]}}],"collection":[{"href":"https:\/\/haday.amo.com.vn\/index.php\/wp-json\/wp\/v2\/product"}],"about":[{"href":"https:\/\/haday.amo.com.vn\/index.php\/wp-json\/wp\/v2\/types\/product"}],"wp:featuredmedia":[{"embeddable":true,"href":"https:\/\/haday.amo.com.vn\/index.php\/wp-json\/wp\/v2\/media\/18813"}],"wp:attachment":[{"href":"https:\/\/haday.amo.com.vn\/index.php\/wp-json\/wp\/v2\/media?parent=18816"}],"wp:term":[{"taxonomy":"product_brand","embeddable":true,"href":"https:\/\/haday.amo.com.vn\/index.php\/wp-json\/wp\/v2\/product_brand?post=18816"},{"taxonomy":"product_cat","embeddable":true,"href":"https:\/\/haday.amo.com.vn\/index.php\/wp-json\/wp\/v2\/product_cat?post=18816"},{"taxonomy":"product_tag","embeddable":true,"href":"https:\/\/haday.amo.com.vn\/index.php\/wp-json\/wp\/v2\/product_tag?post=18816"}],"curies":[{"name":"wp","href":"https:\/\/api.w.org\/{rel}","templated":true}]}}