{"id":18824,"date":"2026-01-12T10:07:07","date_gmt":"2026-01-12T03:07:07","guid":{"rendered":"https:\/\/haday.amo.com.vn\/?post_type=product&#038;p=18824"},"modified":"2026-01-12T10:07:43","modified_gmt":"2026-01-12T03:07:43","slug":"nuoc-tuong-hai-san-1-75l","status":"publish","type":"product","link":"https:\/\/haday.amo.com.vn\/index.php\/product\/nuoc-tuong-hai-san-1-75l\/","title":{"rendered":"N\u01b0\u1edbc T\u01b0\u01a1ng H\u1ea3i S\u1ea3n 1.75L"},"content":{"rendered":"<h3 style=\"text-align: center;\"><span style=\"color: #993300;\"><strong>HADAY N\u01af\u1edaC T\u01af\u01a0NG H\u1ea2I S\u1ea2N<\/strong><\/span><\/h3>\n<p><strong>1.<\/strong>\u00a0\u0110\u01b0\u1ee3c b\u1ed5 sung th\u00eam s\u00f2 \u0111i\u1ec7p, t\u1ea1o n\u00ean v\u1ecb ng\u1ecdt \u0111\u1eadm \u0111\u00e0, th\u01a1m ngon m\u00e0 kh\u00f4ng l\u1ea5n \u00e1t h\u01b0\u01a1ng v\u1ecb th\u01a1m ngon \u0111\u1eb7c tr\u01b0ng c\u1ee7a n\u01b0\u1edbc t\u01b0\u01a1ng truy\u1ec1n th\u1ed1ng.<\/p>\n<p><strong>2.<\/strong>\u00a0Cho m\u00f3n ngon th\u00eam ho\u00e0n h\u1ea3o khi d\u00f9ng ch\u1ea5m tr\u1ef1c ti\u1ebfp v\u1edbi v\u1ecb ng\u1ecdt, m\u1eb7n h\u00e0i ho\u00e0, k\u00edch th\u00edch v\u1ecb gi\u00e1c.<\/p>\n<p><strong>&#8211; C\u00f3 th\u1ec3 s\u1eed d\u1ee5ng \u0111\u1ec3:<\/strong>\u00a0Ch\u1ea5m, tr\u1ed9n, \u01b0\u1edbp, n\u00eam l\u1ea9u<\/p>\n<p><strong>&#8211; K\u00edch th\u01b0\u1edbc c\u00f3 s\u1eb5n:<\/strong> 500ml, 1.75L<\/p>\n","protected":false},"excerpt":{"rendered":"<p>HADAY N\u01af\u1edaC T\u01af\u01a0NG H\u1ea2I S\u1ea2N 1.\u00a0\u0110\u01b0\u1ee3c b\u1ed5 sung th\u00eam s\u00f2 \u0111i\u1ec7p, t\u1ea1o n\u00ean v\u1ecb ng\u1ecdt \u0111\u1eadm \u0111\u00e0, th\u01a1m ngon m\u00e0 kh\u00f4ng l\u1ea5n \u00e1t h\u01b0\u01a1ng v\u1ecb th\u01a1m ngon \u0111\u1eb7c tr\u01b0ng c\u1ee7a n\u01b0\u1edbc t\u01b0\u01a1ng truy\u1ec1n th\u1ed1ng. 2.\u00a0Cho m\u00f3n ngon th\u00eam ho\u00e0n h\u1ea3o khi d\u00f9ng ch\u1ea5m tr\u1ef1c ti\u1ebfp v\u1edbi v\u1ecb ng\u1ecdt, m\u1eb7n h\u00e0i ho\u00e0, k\u00edch th\u00edch v\u1ecb gi\u00e1c.&hellip;<\/p>\n","protected":false},"featured_media":18823,"template":"","meta":[],"product_brand":[],"product_cat":[120],"product_tag":[],"class_list":{"0":"post-18824","1":"product","2":"type-product","3":"status-publish","4":"has-post-thumbnail","6":"product_cat-gia-vi-khac","7":"description-off","9":"first","10":"instock","11":"shipping-taxable","12":"product-type-simple"},"_links":{"self":[{"href":"https:\/\/haday.amo.com.vn\/index.php\/wp-json\/wp\/v2\/product\/18824","targetHints":{"allow":["GET"]}}],"collection":[{"href":"https:\/\/haday.amo.com.vn\/index.php\/wp-json\/wp\/v2\/product"}],"about":[{"href":"https:\/\/haday.amo.com.vn\/index.php\/wp-json\/wp\/v2\/types\/product"}],"wp:featuredmedia":[{"embeddable":true,"href":"https:\/\/haday.amo.com.vn\/index.php\/wp-json\/wp\/v2\/media\/18823"}],"wp:attachment":[{"href":"https:\/\/haday.amo.com.vn\/index.php\/wp-json\/wp\/v2\/media?parent=18824"}],"wp:term":[{"taxonomy":"product_brand","embeddable":true,"href":"https:\/\/haday.amo.com.vn\/index.php\/wp-json\/wp\/v2\/product_brand?post=18824"},{"taxonomy":"product_cat","embeddable":true,"href":"https:\/\/haday.amo.com.vn\/index.php\/wp-json\/wp\/v2\/product_cat?post=18824"},{"taxonomy":"product_tag","embeddable":true,"href":"https:\/\/haday.amo.com.vn\/index.php\/wp-json\/wp\/v2\/product_tag?post=18824"}],"curies":[{"name":"wp","href":"https:\/\/api.w.org\/{rel}","templated":true}]}}