{"id":18825,"date":"2026-01-12T10:07:54","date_gmt":"2026-01-12T03:07:54","guid":{"rendered":"https:\/\/haday.amo.com.vn\/?post_type=product&#038;p=18825"},"modified":"2026-01-12T10:08:40","modified_gmt":"2026-01-12T03:08:40","slug":"giam-gao-800ml","status":"publish","type":"product","link":"https:\/\/haday.amo.com.vn\/index.php\/product\/giam-gao-800ml\/","title":{"rendered":"Gi\u1ea5m G\u1ea1o 800ml"},"content":{"rendered":"<h3 style=\"text-align: center;\"><span style=\"color: #993300;\"><strong>HADAY GI\u1ea4M G\u1ea0O<\/strong><\/span><\/h3>\n<p>Gi\u1ea5m g\u1ea1o c\u00f3 nhi\u1ec1u c\u00f4ng d\u1ee5ng trong ch\u1ebf bi\u1ebfn c\u00e1c m\u00f3n g\u1ecfi, salad theo kh\u1ea9u v\u1ecb, d\u00f9ng l\u00e0m nguy\u00ean li\u1ec7u pha ch\u1ebf<\/p>\n<p><strong>1.<\/strong>\u00a0V\u1ecb chua thanh d\u1ecbu, t\u01b0\u01a1i m\u00e1t<\/p>\n<p><strong>2.<\/strong>\u00a0\u0110\u01b0\u1ee3c l\u00e0m t\u1eeb nh\u1eefng h\u1ea1t g\u1ea1o tr\u1eafng ch\u1ecdn l\u1ecdc.<\/p>\n<p><strong>3.\u00a0<\/strong>V\u1ecb chua thanh d\u1ecbu, t\u01b0\u01a1i m\u00e1t<\/p>\n<p><strong>&#8211; C\u00f3 th\u1ec3 s\u1eed d\u1ee5ng \u0111\u1ec3:<\/strong>\u00a0Tr\u1ed9n rau, x\u00e0o, \u01b0\u1edbp, t\u1ea1o m\u00f9i<\/p>\n","protected":false},"excerpt":{"rendered":"<p>HADAY GI\u1ea4M G\u1ea0O Gi\u1ea5m g\u1ea1o c\u00f3 nhi\u1ec1u c\u00f4ng d\u1ee5ng trong ch\u1ebf bi\u1ebfn c\u00e1c m\u00f3n g\u1ecfi, salad theo kh\u1ea9u v\u1ecb, d\u00f9ng l\u00e0m nguy\u00ean li\u1ec7u pha ch\u1ebf 1.\u00a0V\u1ecb chua thanh d\u1ecbu, t\u01b0\u01a1i m\u00e1t 2.\u00a0\u0110\u01b0\u1ee3c l\u00e0m t\u1eeb nh\u1eefng h\u1ea1t g\u1ea1o tr\u1eafng ch\u1ecdn l\u1ecdc. 3.\u00a0V\u1ecb chua thanh d\u1ecbu, t\u01b0\u01a1i m\u00e1t &#8211; C\u00f3 th\u1ec3 s\u1eed d\u1ee5ng \u0111\u1ec3:\u00a0Tr\u1ed9n rau, x\u00e0o, \u01b0\u1edbp,&hellip;<\/p>\n","protected":false},"featured_media":18819,"template":"","meta":[],"product_brand":[],"product_cat":[120],"product_tag":[],"class_list":{"0":"post-18825","1":"product","2":"type-product","3":"status-publish","4":"has-post-thumbnail","6":"product_cat-gia-vi-khac","7":"description-off","9":"first","10":"instock","11":"shipping-taxable","12":"product-type-simple"},"_links":{"self":[{"href":"https:\/\/haday.amo.com.vn\/index.php\/wp-json\/wp\/v2\/product\/18825","targetHints":{"allow":["GET"]}}],"collection":[{"href":"https:\/\/haday.amo.com.vn\/index.php\/wp-json\/wp\/v2\/product"}],"about":[{"href":"https:\/\/haday.amo.com.vn\/index.php\/wp-json\/wp\/v2\/types\/product"}],"wp:featuredmedia":[{"embeddable":true,"href":"https:\/\/haday.amo.com.vn\/index.php\/wp-json\/wp\/v2\/media\/18819"}],"wp:attachment":[{"href":"https:\/\/haday.amo.com.vn\/index.php\/wp-json\/wp\/v2\/media?parent=18825"}],"wp:term":[{"taxonomy":"product_brand","embeddable":true,"href":"https:\/\/haday.amo.com.vn\/index.php\/wp-json\/wp\/v2\/product_brand?post=18825"},{"taxonomy":"product_cat","embeddable":true,"href":"https:\/\/haday.amo.com.vn\/index.php\/wp-json\/wp\/v2\/product_cat?post=18825"},{"taxonomy":"product_tag","embeddable":true,"href":"https:\/\/haday.amo.com.vn\/index.php\/wp-json\/wp\/v2\/product_tag?post=18825"}],"curies":[{"name":"wp","href":"https:\/\/api.w.org\/{rel}","templated":true}]}}