{"id":18826,"date":"2026-01-12T10:08:51","date_gmt":"2026-01-12T03:08:51","guid":{"rendered":"https:\/\/haday.amo.com.vn\/?post_type=product&#038;p=18826"},"modified":"2026-01-12T10:09:21","modified_gmt":"2026-01-12T03:09:21","slug":"gia-vi-len-men-ruou-nau-an-450ml","status":"publish","type":"product","link":"https:\/\/haday.amo.com.vn\/index.php\/product\/gia-vi-len-men-ruou-nau-an-450ml\/","title":{"rendered":"Gia V\u1ecb L\u00ean Men R\u01b0\u1ee3u N\u1ea5u \u0102n 450ml"},"content":{"rendered":"<h3 style=\"text-align: center;\"><span style=\"color: #993300;\"><strong>HADAY GIA V\u1eca L\u00caN MEN R\u01af\u1ee2U N\u1ea4U \u0102N<\/strong><\/span><\/h3>\n<p>Gia v\u1ecb l\u00ean men t\u1ef1 nhi\u00ean t\u1eeb h\u1ea1t g\u1ea1o ch\u1ecdn l\u1ecdc v\u00e0 gia v\u1ecb truy\u1ec1n th\u1ed1ng t\u1ea1o n\u00ean s\u1ea3n ph\u1ea9m l\u00ean men \u0111\u1eb7c tr\u01b0ng.<\/p>\n<p><strong>1.<\/strong>\u00a0N\u1ea5u \u0103n, n\u00eam n\u1ebfm<\/p>\n<p><strong>2.<\/strong>\u00a0D\u00f9ng \u0111\u1ec3 kh\u1eed m\u00f9i tanh c\u1ee7a th\u1ecbt, c\u00e1 v\u00e0 h\u1ea3i s\u1ea3n<\/p>\n<p><strong>3.<\/strong>\u00a0T\u1ea1o m\u00f9i v\u00e0 d\u1eady m\u00f9i cho m\u00f3n ngon th\u00eam \u0111\u1eadm \u0111\u00e0<\/p>\n<p><strong>&#8211; C\u00f3 th\u1ec3 s\u1eed d\u1ee5ng \u0111\u1ec3:<\/strong>\u00a0Kh\u1eed m\u00f9i, \u01b0\u1edbp, ng\u00e2m rau, gi\u00fap th\u1ecbt m\u1ec1m h\u01a1n<\/p>\n","protected":false},"excerpt":{"rendered":"<p>HADAY GIA V\u1eca L\u00caN MEN R\u01af\u1ee2U N\u1ea4U \u0102N Gia v\u1ecb l\u00ean men t\u1ef1 nhi\u00ean t\u1eeb h\u1ea1t g\u1ea1o ch\u1ecdn l\u1ecdc v\u00e0 gia v\u1ecb truy\u1ec1n th\u1ed1ng t\u1ea1o n\u00ean s\u1ea3n ph\u1ea9m l\u00ean men \u0111\u1eb7c tr\u01b0ng. 1.\u00a0N\u1ea5u \u0103n, n\u00eam n\u1ebfm 2.\u00a0D\u00f9ng \u0111\u1ec3 kh\u1eed m\u00f9i tanh c\u1ee7a th\u1ecbt, c\u00e1 v\u00e0 h\u1ea3i s\u1ea3n 3.\u00a0T\u1ea1o m\u00f9i v\u00e0 d\u1eady m\u00f9i cho m\u00f3n ngon&hellip;<\/p>\n","protected":false},"featured_media":18820,"template":"","meta":[],"product_brand":[],"product_cat":[120],"product_tag":[],"class_list":{"0":"post-18826","1":"product","2":"type-product","3":"status-publish","4":"has-post-thumbnail","6":"product_cat-gia-vi-khac","7":"description-off","9":"first","10":"instock","11":"shipping-taxable","12":"product-type-simple"},"_links":{"self":[{"href":"https:\/\/haday.amo.com.vn\/index.php\/wp-json\/wp\/v2\/product\/18826","targetHints":{"allow":["GET"]}}],"collection":[{"href":"https:\/\/haday.amo.com.vn\/index.php\/wp-json\/wp\/v2\/product"}],"about":[{"href":"https:\/\/haday.amo.com.vn\/index.php\/wp-json\/wp\/v2\/types\/product"}],"wp:featuredmedia":[{"embeddable":true,"href":"https:\/\/haday.amo.com.vn\/index.php\/wp-json\/wp\/v2\/media\/18820"}],"wp:attachment":[{"href":"https:\/\/haday.amo.com.vn\/index.php\/wp-json\/wp\/v2\/media?parent=18826"}],"wp:term":[{"taxonomy":"product_brand","embeddable":true,"href":"https:\/\/haday.amo.com.vn\/index.php\/wp-json\/wp\/v2\/product_brand?post=18826"},{"taxonomy":"product_cat","embeddable":true,"href":"https:\/\/haday.amo.com.vn\/index.php\/wp-json\/wp\/v2\/product_cat?post=18826"},{"taxonomy":"product_tag","embeddable":true,"href":"https:\/\/haday.amo.com.vn\/index.php\/wp-json\/wp\/v2\/product_tag?post=18826"}],"curies":[{"name":"wp","href":"https:\/\/api.w.org\/{rel}","templated":true}]}}